{"id":962,"date":"2019-10-24T10:09:38","date_gmt":"2019-10-24T08:09:38","guid":{"rendered":"http:\/\/galas.net.pl\/?page_id=962"},"modified":"2019-10-24T10:09:38","modified_gmt":"2019-10-24T08:09:38","slug":"systemy-monitoringu","status":"publish","type":"page","link":"https:\/\/galas.net.pl\/index.php\/systemy-monitoringu\/","title":{"rendered":"Systemy monitoringu"},"content":{"rendered":"<p style=\"text-align: left;\"><strong>Systemy monitoringu<\/strong><br \/>\nNowoczesne systemy monitoringu wizyjnego oferuj\u0105 ogromne wr\u0119cz mo\u017cliwo\u015bci.<br \/>\nMnogo\u015b\u0107 rozwi\u0105za\u0144 technologicznych pozwala na dobranie odpowiedniego sprz\u0119tu w celu nieprzerwanego nagrywania obrazu niezale\u017cnie od miejsca, warunk\u00f3w atmosferycznych i nat\u0119\u017cenia \u015bwiat\u0142a.<br \/>\nObecnie na rynku spotykane s\u0105 trzy rodzaje system\u00f3w monitoringu \u2013 analogowy, hybrydowy oraz cyfrowy (potocznie zwany IP).<br \/>\nOgromn\u0105 popularno\u015bci\u0105 cieszy si\u0119 dzisiaj na pewno monitoring IP.<br \/>\nMonitoring IP to najnowocze\u015bniejsza wersja dozoru wizyjnego wykorzystuj\u0105ca protok\u00f3\u0142 internetowy IP. W systemach IP nie ma konieczno\u015bci \u0142\u0105czenia ka\u017cdej kamery bezpo\u015brednio z rejestratorem, dzi\u0119ki czemu monitoring IP jest bardzo elastyczny i umo\u017cliwia rozproszenie urz\u0105dze\u0144 dzia\u0142aj\u0105cych w obr\u0119bie wykorzystywanej sieci &#8211; takie rozwi\u0105zanie umo\u017cliwia prost\u0105 i szybk\u0105 rozbudow\u0119.<br \/>\nCa\u0142y system monitoringu pod\u0142\u0105czony jest do lokalnej sieci. Dzi\u0119ki temu mo\u017cna podgl\u0105da\u0107 rejestrowany obraz nie tylko na wewn\u0119trznych urz\u0105dzeniach, monitorach lub komputerach tworz\u0105cych system monitoringu CCTV. To r\u00f3wnie\u017c podgl\u0105d z poziomu przegl\u0105darki internetowej b\u0105d\u017a specjalnej aplikacji instalowanej na komputerze lub urz\u0105dzeniu mobilnym. Wystarczy jedynie po\u0142\u0105czenie z Internetem by mie\u0107 dost\u0119p do obrazu na \u017cywo z ka\u017cdego miejsca na \u015bwiecie.<\/p>\n<p style=\"text-align: left;\">\n<strong>Podstaw\u0105 jest niezawodny system monitoringu<\/strong><br \/>\nUmiej\u0119tne po\u0142\u0105czenie ze sob\u0105 poszczeg\u00f3lnych element\u00f3w sprawia, \u017ce systemy monitoringu dzia\u0142aj\u0105 bez zak\u0142\u00f3ce\u0144 i pozwalaj\u0105 efektywnie monitorowa\u0107 obiekty.<br \/>\nWyb\u00f3r odpowiedniego sprz\u0119tu wbrew pozorom nie jest zadaniem prostym.<br \/>\nOferujemy Pa\u0144stwu zar\u00f3wno gotowe zestawy do samodzielnej instalacji, jak i rozwini\u0119te systemy cyfrowe IP. Opr\u00f3cz kompletnych zestaw\u00f3w do monitoringu proponujemy takie, do kt\u00f3rych samodzielnie mo\u017cna dobra\u0107 najlepsze akcesoria, takie jak: dysk twardy, kable, wtyki i z\u0142\u0105cza, zasilacz, sprz\u0119t sieciowy.<br \/>\nPrzy wyborze konkretnego rozwi\u0105zania najwa\u017cniejsze s\u0105 indywidualne potrzeby. Mamy do\u015bwiadczenie w projektowaniu oraz montowaniu system\u00f3w monitoringu. Wszystkim naszym Klientom zapewniamy wsparcie techniczne na najwy\u017cszym poziomie. Doradzamy w wyborze odpowiednich urz\u0105dze\u0144 oraz akcesori\u00f3w, a nast\u0119pnie realizujemy monta\u017c system\u00f3w monitoringu na miejscu, trzymaj\u0105c si\u0119 wszystkich standard\u00f3w technologicznych.<\/p>\n<p style=\"text-align: left;\">\n<strong>Monta\u017c system\u00f3w monitoringu<\/strong><br \/>\nWyb\u00f3r wysokiej jako\u015bci urz\u0105dze\u0144, z kt\u00f3rych sk\u0142ada si\u0119 system to niestety zdecydowanie za ma\u0142o. Aby telewizja przemys\u0142owa CCTV dzia\u0142a\u0142a efektywnie, bezawaryjnie i spe\u0142nia\u0142a wszystkie potrzeby, konieczne jest profesjonalne podej\u015bcie do jej projektu oraz instalacji. Tym w\u0142a\u015bnie zajmuje si\u0119 nasza firma.<br \/>\nNasi Klienci mog\u0105 czu\u0107 si\u0119 bezpiecznie nie tylko dzi\u0119ki zainwestowaniu w tak nowoczesny system monitoringu. Po realizacji us\u0142ugi zapewniamy bowiem swoje dalsze wsparcie techniczne, jak i w razie potrzeby zajmujemy si\u0119 profesjonalnym serwisem.<br \/>\nNasza oferta system\u00f3w monitoringu zawiera najlepsze marki firmowane przez sprawdzonych i cenionych w bran\u017cy producent\u00f3w.<br \/>\nFirma korzysta z rozwi\u0105za\u0144 renomowanych producent\u00f3w takich jak: Samsung, HikVision, BCS, Dahua.<\/p>\n<p style=\"text-align: left;\">\nSprawd\u017a nasz\u0105 ofert\u0119 i wybierz monitoring, kt\u00f3ry b\u0119dzie najlepiej dopasowany do Twoich potrzeb. Do zakup\u00f3w w naszym sklepie sk\u0142aniaj\u0105 r\u00f3wnie\u017c konkurencyjne ceny oraz profesjonalne doradztwo \u015bwiadczone przez wykwalifikowany personel sklepu.<\/p>\n<p style=\"text-align: left;\">\n<em>Zapraszamy do naszego sklepu:<\/em><br \/>\n<em>ul. Mickiewicza 14, 33-170 Tuch\u00f3w<\/em><br \/>\n<em>Tel. 14 652 33 44<\/em><\/p>\n","protected":false},"excerpt":{"rendered":"<p>Systemy monitoringu Nowoczesne systemy monitoringu wizyjnego oferuj\u0105 ogromne wr\u0119cz mo\u017cliwo\u015bci. Mnogo\u015b\u0107 rozwi\u0105za\u0144 technologicznych pozwala na dobranie odpowiedniego sprz\u0119tu w celu [&hellip;]<\/p>\n","protected":false},"author":1,"featured_media":0,"parent":0,"menu_order":0,"comment_status":"closed","ping_status":"closed","template":"","meta":{"site-sidebar-layout":"default","site-content-layout":"","ast-site-content-layout":"","site-content-style":"default","site-sidebar-style":"default","ast-global-header-display":"","ast-banner-title-visibility":"","ast-main-header-display":"","ast-hfb-above-header-display":"","ast-hfb-below-header-display":"","ast-hfb-mobile-header-display":"","site-post-title":"","ast-breadcrumbs-content":"","ast-featured-img":"","footer-sml-layout":"","theme-transparent-header-meta":"","adv-header-id-meta":"","stick-header-meta":"","header-above-stick-meta":"","header-main-stick-meta":"","header-below-stick-meta":"","astra-migrate-meta-layouts":"default","ast-page-background-enabled":"default","ast-page-background-meta":{"desktop":{"background-color":"var(--ast-global-color-4)","background-image":"","background-repeat":"repeat","background-position":"center center","background-size":"auto","background-attachment":"scroll","background-type":"","background-media":"","overlay-type":"","overlay-color":"","overlay-opacity":"","overlay-gradient":""},"tablet":{"background-color":"","background-image":"","background-repeat":"repeat","background-position":"center center","background-size":"auto","background-attachment":"scroll","background-type":"","background-media":"","overlay-type":"","overlay-color":"","overlay-opacity":"","overlay-gradient":""},"mobile":{"background-color":"","background-image":"","background-repeat":"repeat","background-position":"center center","background-size":"auto","background-attachment":"scroll","background-type":"","background-media":"","overlay-type":"","overlay-color":"","overlay-opacity":"","overlay-gradient":""}},"ast-content-background-meta":{"desktop":{"background-color":"var(--ast-global-color-5)","background-image":"","background-repeat":"repeat","background-position":"center center","background-size":"auto","background-attachment":"scroll","background-type":"","background-media":"","overlay-type":"","overlay-color":"","overlay-opacity":"","overlay-gradient":""},"tablet":{"background-color":"var(--ast-global-color-5)","background-image":"","background-repeat":"repeat","background-position":"center center","background-size":"auto","background-attachment":"scroll","background-type":"","background-media":"","overlay-type":"","overlay-color":"","overlay-opacity":"","overlay-gradient":""},"mobile":{"background-color":"var(--ast-global-color-5)","background-image":"","background-repeat":"repeat","background-position":"center center","background-size":"auto","background-attachment":"scroll","background-type":"","background-media":"","overlay-type":"","overlay-color":"","overlay-opacity":"","overlay-gradient":""}},"jetpack_post_was_ever_published":false,"footnotes":"","_links_to":"","_links_to_target":""},"class_list":["post-962","page","type-page","status-publish","hentry"],"jetpack_sharing_enabled":true,"jetpack_shortlink":"https:\/\/wp.me\/P8kCkk-fw","jetpack-related-posts":[],"_links":{"self":[{"href":"https:\/\/galas.net.pl\/index.php\/wp-json\/wp\/v2\/pages\/962","targetHints":{"allow":["GET"]}}],"collection":[{"href":"https:\/\/galas.net.pl\/index.php\/wp-json\/wp\/v2\/pages"}],"about":[{"href":"https:\/\/galas.net.pl\/index.php\/wp-json\/wp\/v2\/types\/page"}],"author":[{"embeddable":true,"href":"https:\/\/galas.net.pl\/index.php\/wp-json\/wp\/v2\/users\/1"}],"replies":[{"embeddable":true,"href":"https:\/\/galas.net.pl\/index.php\/wp-json\/wp\/v2\/comments?post=962"}],"version-history":[{"count":1,"href":"https:\/\/galas.net.pl\/index.php\/wp-json\/wp\/v2\/pages\/962\/revisions"}],"predecessor-version":[{"id":963,"href":"https:\/\/galas.net.pl\/index.php\/wp-json\/wp\/v2\/pages\/962\/revisions\/963"}],"wp:attachment":[{"href":"https:\/\/galas.net.pl\/index.php\/wp-json\/wp\/v2\/media?parent=962"}],"curies":[{"name":"wp","href":"https:\/\/api.w.org\/{rel}","templated":true}]}}