{"id":348,"date":"2018-06-08T13:35:39","date_gmt":"2018-06-08T11:35:39","guid":{"rendered":"http:\/\/galas.net.pl\/?page_id=348"},"modified":"2018-06-08T13:35:39","modified_gmt":"2018-06-08T11:35:39","slug":"rodo","status":"publish","type":"page","link":"https:\/\/galas.net.pl\/index.php\/rodo\/","title":{"rendered":"RODO"},"content":{"rendered":"<p class=\"gwp41eb4e19_MsoNormal\">Maj\u0105c na wzgl\u0119dzie ochron\u0119 i bezpiecze\u0144stwo Pa\u0144stwa danych osobowych oraz ze wzgl\u0119du na fakt, \u017ce w dniu 25 maja 2018 r. wesz\u0142y w \u017cycie przepisy Rozporz\u0105dzenia Parlamentu Europejskiego i Rady (UE) z dnia 27 kwietnia 2016 r. nr 2016\/679, Firma Piotr Galas dostosowa\u0142a zasady przetwarzania Pa\u0144stwa danych osobowych do nowych regulacji prawnych.<\/p>\n<p class=\"gwp41eb4e19_MsoNormal\">\n<p class=\"gwp41eb4e19_MsoNormal\">Nowe przepisy nie wymagaj\u0105 z Pa\u0144stwa strony \u017cadnego dzia\u0142ania, zapewniaj\u0105 jedynie lepsz\u0105 ochron\u0119 przekazywanych danych.<\/p>\n<p class=\"gwp41eb4e19_MsoNormal\">\n<p class=\"gwp41eb4e19_MsoNormal\"><b>Obowi\u0105zek informacyjny na podstawie artyku\u0142u 13 RODO Ustawy o Ochronie Danych Osobowych<\/b><\/p>\n<p class=\"gwp41eb4e19_MsoNormal\"><a target=\"_blank\" name=\"allegro-markdown\"><\/a><b>Kto jest administratorem Twoich danych osobowych?<\/b><\/p>\n<p class=\"gwp41eb4e19_MsoNormal\">Administratorem, czyli podmiotem decyduj\u0105cym o tym, jak b\u0119d\u0105 wykorzystywane Twoje dane osobowe, jest\u00a0Firma Piotr Galas z siedzib\u0105 w Tuchowie, ul. Mickiewicza 14, dzia\u0142aj\u0105c\u0105 na podstawie wpisu do ewidencji dzia\u0142alno\u015bci gospodarczej prowadzonej przez Burmistrza Miasta Tuchowa pod pozycj\u0105 1899\/2003 oraz wpisu do rejestru przedsi\u0119biorc\u00f3w telekomunikacyjnych pod nr 5127, numer NIP: 873-107-59-10, numer REGON 850024293<\/p>\n<p class=\"gwp41eb4e19_MsoNormal\"><b>Jak si\u0119 z nami skontaktowa\u0107, \u017ceby uzyska\u0107 wi\u0119cej informacji o przetwarzaniu Twoich danych osobowych?<\/b><\/p>\n<p class=\"gwp41eb4e19_MsoNormal\">Napisz do wyznaczonego przez nas inspektor danych osobowych. Oto jego dane kontaktowe:<\/p>\n<p class=\"gwp41eb4e19_MsoNormal\"><span lang=\"EN-US\">adres e-mail:\u00a0<a href=\"https:\/\/poczta.o2.pl\/d\/#\">iod@galas.net.pl<\/a><\/span><\/p>\n<p class=\"gwp41eb4e19_MsoNormal\">adres pocztowy: Inspektor Ochrony Danych Piotr Galas, ul. Mickiewicza 14, 33-170 Tuch\u00f3w<\/p>\n<p class=\"gwp41eb4e19_MsoNormal\"><b>Sk\u0105d mamy Twoje dane?<\/b><\/p>\n<p class=\"gwp41eb4e19_MsoNormal\">Otrzymali\u015bmy je od Ciebie podczas zamawiania us\u0142ugi, a tak\u017ce p\u00f3\u017aniej, w zwi\u0105zku z p\u0142atno\u015bciami dokonywanymi przez Ciebie na rzecz Firmy Piotr Galas.<\/p>\n<p class=\"gwp41eb4e19_MsoNormal\"><b>Jaki jest cel i podstawa prawna przetwarzania Twoich danych osobowych przez Firm\u0119 Piotr Galas?<\/b><\/p>\n<p class=\"gwp41eb4e19_MsoNormal\">Przetwarzamy Twoje dane osobowe, poniewa\u017c jest to niezb\u0119dne do wykonania umowy zawartej z Tob\u0105, w tym do:<\/p>\n<p class=\"gwp41eb4e19_MsoNormal\">\u00b7\u00a0\u00a0\u00a0\u00a0\u00a0\u00a0\u00a0\u00a0\u00a0umo\u017cliwienia \u015bwiadczenia us\u0142ugi dost\u0119pu do Internetu;<\/p>\n<p class=\"gwp41eb4e19_MsoNormal\">\u00b7\u00a0\u00a0\u00a0\u00a0\u00a0\u00a0\u00a0\u00a0\u00a0rozwi\u0105zywania problem\u00f3w technicznych;<\/p>\n<p class=\"gwp41eb4e19_MsoNormal\">\u00b7\u00a0\u00a0\u00a0\u00a0\u00a0\u00a0\u00a0\u00a0\u00a0obs\u0142ugi reklamacji, w przypadku, gdy z\u0142o\u017cysz tak\u0105 reklamacj\u0119;<\/p>\n<p class=\"gwp41eb4e19_MsoNormal\">\u00b7\u00a0\u00a0\u00a0\u00a0\u00a0\u00a0\u00a0\u00a0\u00a0obs\u0142ugi zg\u0142osze\u0144, kt\u00f3re do nas kierujesz;<\/p>\n<p class=\"gwp41eb4e19_MsoNormal\">\u00b7\u00a0\u00a0\u00a0\u00a0\u00a0\u00a0\u00a0\u00a0\u00a0kontaktowania si\u0119 z Tob\u0105, w tym w celach zwi\u0105zanych ze \u015bwiadczeniem us\u0142ug.<\/p>\n<p class=\"gwp41eb4e19_MsoNormal\">Dodatkowo, przepisy prawa wymagaj\u0105 od nas przetwarzania Twoich danych dla cel\u00f3w podatkowych i rachunkowych.<\/p>\n<p class=\"gwp41eb4e19_MsoNormal\">Przetwarzamy te\u017c Twoje dane osobowe w celach wskazanych poni\u017cej, na podstawie prawnie uzasadnionego interesu firmy Piotr Galas, kt\u00f3rym jest:<\/p>\n<p class=\"gwp41eb4e19_MsoNormal\">wystawianie faktur za us\u0142ugi telekomunikacyjne oraz zakup towaru i us\u0142ug, a tak\u017ce w\u00a0ewidencji\u00a0\u00a0 adresacji sieciowej;<\/p>\n<p class=\"gwp41eb4e19_MsoNormal\">\u00b7\u00a0\u00a0\u00a0\u00a0\u00a0\u00a0\u00a0\u00a0\u00a0prowadzenie wobec Ciebie dzia\u0142a\u0144 marketingowych w tym prowadzenia marketingu bezpo\u015bredniego w\u0142asnych us\u0142ug firmy Piotr Galas;<\/p>\n<p class=\"gwp41eb4e19_MsoNormal\">\u00b7\u00a0\u00a0\u00a0\u00a0\u00a0\u00a0\u00a0\u00a0\u00a0kontaktowanie si\u0119 z Tob\u0105, w tym w celach zwi\u0105zanych z dozwolonymi dzia\u0142aniami marketingowymi, poprzez dost\u0119pne kana\u0142y komunikacji, w szczeg\u00f3lno\u015bci i za Twoj\u0105 zgod\u0105 &#8211; przez e-mail oraz telefon;<\/p>\n<p class=\"gwp41eb4e19_MsoNormal\">\u00b7\u00a0\u00a0\u00a0\u00a0\u00a0\u00a0\u00a0\u00a0\u00a0obs\u0142uga Twoich pr\u00f3\u015bb przekazywanych w szczeg\u00f3lno\u015bci dzia\u0142owi obs\u0142ugi u\u017cytkownika oraz przez formularz kontaktowy w sytuacji, gdy nie s\u0105 one zwi\u0105zane wprost z wykonaniem umowy;<\/p>\n<p class=\"gwp41eb4e19_MsoNormal\">\u00b7\u00a0\u00a0\u00a0\u00a0\u00a0\u00a0\u00a0\u00a0\u00a0windykacja nale\u017cno\u015bci; prowadzenie post\u0119powa\u0144 s\u0105dowych, arbitra\u017cowych i mediacyjnych;<\/p>\n<p class=\"gwp41eb4e19_MsoNormal\">\u00b7\u00a0\u00a0\u00a0\u00a0\u00a0\u00a0\u00a0\u00a0\u00a0przechowywanie danych dla cel\u00f3w archiwizacyjnych, oraz zapewnienie rozliczalno\u015bci (wykazania spe\u0142nienia przez nas obowi\u0105zk\u00f3w wynikaj\u0105cych z przepis\u00f3w prawa).<\/p>\n<p class=\"gwp41eb4e19_MsoNormal\">Zgod\u0119 na przetwarzanie danych osobowych, mo\u017cesz wycofa\u0107 w dowolnym momencie w ten sam spos\u00f3b jak j\u0105 wyrazi\u0142e\u015b. B\u0119dziemy przetwarza\u0107 Twoje dane osobowe dop\u00f3ki nie wycofasz zgody.<\/p>\n<p class=\"gwp41eb4e19_MsoNormal\"><b>Czy musisz poda\u0107 nam swoje dane osobowe?<\/b><\/p>\n<p class=\"gwp41eb4e19_MsoNormal\">Wymagamy podania przez Ciebie nast\u0119puj\u0105cych danych osobowych, aby m\u00f3c zawrze\u0107 i wykona\u0107 umow\u0119 zawart\u0105 z Tob\u0105, a tym samym \u015bwiadczy\u0107 Ci us\u0142ug\u0119:<\/p>\n<p class=\"gwp41eb4e19_MsoNormal\">\u00b7\u00a0\u00a0\u00a0\u00a0\u00a0\u00a0\u00a0\u00a0\u00a0Imi\u0119 i nazwisko;<\/p>\n<p class=\"gwp41eb4e19_MsoNormal\">\u00b7\u00a0\u00a0\u00a0\u00a0\u00a0\u00a0\u00a0\u00a0\u00a0Pesel;<\/p>\n<p class=\"gwp41eb4e19_MsoNormal\">\u00b7\u00a0\u00a0\u00a0\u00a0\u00a0\u00a0\u00a0\u00a0\u00a0Adres zamieszkania;<\/p>\n<p class=\"gwp41eb4e19_MsoNormal\">\u00b7\u00a0\u00a0\u00a0\u00a0\u00a0\u00a0\u00a0\u00a0\u00a0Adres \u015bwiadczenia us\u0142ug;<\/p>\n<p class=\"gwp41eb4e19_MsoNormal\">\u00b7\u00a0\u00a0\u00a0\u00a0\u00a0\u00a0\u00a0\u00a0\u00a0Nr telefonu;<\/p>\n<p class=\"gwp41eb4e19_MsoNormal\">\u00b7\u00a0\u00a0\u00a0\u00a0\u00a0\u00a0\u00a0\u00a0\u00a0adres e-mail, telefon oraz informacji o firmie i jej adresie (w przypadku firm).<\/p>\n<p class=\"gwp41eb4e19_MsoNormal\">Je\u015bli z jakiego\u015b powodu nie podasz tych danych osobowych, niestety nie b\u0119dziemy mogli zawrze\u0107 z Tob\u0105 umowy, a w konsekwencji nie b\u0119dziesz m\u00f3g\u0142 korzysta\u0107 z naszych us\u0142ug.<\/p>\n<p class=\"gwp41eb4e19_MsoNormal\">Je\u017celi wymagaj\u0105 tego przepisy prawa, mo\u017cemy wymaga\u0107 od Ciebie podania innych danych niezb\u0119dnych np. ze wzgl\u0119d\u00f3w rachunkowych lub podatkowych. Poza tymi przypadkami podanie Twoich danych jest dobrowolne.<\/p>\n<p class=\"gwp41eb4e19_MsoNormal\"><b>Jakie masz uprawnienia wobec Firmy Piotr Galas w zakresie przetwarzanych danych?<\/b><\/p>\n<p class=\"gwp41eb4e19_MsoNormal\">Gwarantujemy spe\u0142nienie wszystkich Twoich praw wynikaj\u0105cych z og\u00f3lnego rozporz\u0105dzenia o ochronie danych, tj. prawo dost\u0119pu, sprostowania oraz usuni\u0119cia Twoich danych, ograniczenia ich przetwarzania, prawo do ich przenoszenia, niepodlegania zautomatyzowanemu podejmowaniu decyzji, w tym profilowaniu, a tak\u017ce prawo do wyra\u017cenia sprzeciwu wobec przetwarzania Twoich danych osobowych.<\/p>\n<p class=\"gwp41eb4e19_MsoNormal\">Z uprawnie\u0144 tych mo\u017cesz skorzysta\u0107, gdy:<\/p>\n<p class=\"gwp41eb4e19_MsoNormal\">\u00b7\u00a0\u00a0\u00a0\u00a0\u00a0\u00a0\u00a0\u00a0\u00a0w odniesieniu do \u017c\u0105dania sprostowania danych: zauwa\u017cysz, \u017ce Twoje dane s\u0105 nieprawid\u0142owe lub niekompletne;<\/p>\n<p class=\"gwp41eb4e19_MsoNormal\">\u00b7\u00a0\u00a0\u00a0\u00a0\u00a0\u00a0\u00a0\u00a0\u00a0w odniesieniu do \u017c\u0105dania usuni\u0119cia danych: Twoje dane nie b\u0119d\u0105 ju\u017c niezb\u0119dne do cel\u00f3w, dla kt\u00f3rych zosta\u0142y zebrane przez Firm\u0119 Piotr Galas; cofniesz swoj\u0105 zgod\u0119 na przetwarzanie danych; zg\u0142osisz sprzeciw wobec przetwarzania Twoich danych; Twoje dane b\u0119d\u0105 przetwarzane niezgodnie z prawem; dane powinny by\u0107 usuni\u0119te w celu wywi\u0105zania si\u0119 z obowi\u0105zku wynikaj\u0105cego z przepisu prawa;<\/p>\n<p class=\"gwp41eb4e19_MsoNormal\">\u00b7\u00a0\u00a0\u00a0\u00a0\u00a0\u00a0\u00a0\u00a0\u00a0w odniesieniu do \u017c\u0105dania ograniczenia przetwarzania danych: zauwa\u017cysz, \u017ce Twoje dane s\u0105 nieprawid\u0142owe \u2013 mo\u017cesz \u017c\u0105da\u0107 ograniczenia przetwarzania Twoich danych na okres pozwalaj\u0105cy nam sprawdzi\u0107 prawid\u0142owo\u015b\u0107 tych danych; Twoje dane b\u0119d\u0105 przetwarzane niezgodnie z prawem, ale nie b\u0119dziesz chcia\u0142\/a, aby zosta\u0142y usuni\u0119te; Twoje dane nie b\u0119d\u0105 nam ju\u017c potrzebne, ale mog\u0105 by\u0107 potrzebne Tobie do obrony lub dochodzenia roszcze\u0144; lub wniesiesz sprzeciw wobec przetwarzania danych \u2013 do czasu ustalenia, czy prawnie uzasadnione podstawy po naszej stronie s\u0105 nadrz\u0119dne wobec podstawy sprzeciwu;<\/p>\n<p class=\"gwp41eb4e19_MsoNormal\">\u00b7\u00a0\u00a0\u00a0\u00a0\u00a0\u00a0\u00a0\u00a0\u00a0w odniesieniu do \u017c\u0105dania przeniesienia danych: przetwarzanie Twoich danych odbywa si\u0119 na podstawie Twojej zgody lub umowy zawartej z Tob\u0105 oraz, gdy przetwarzanie to odbywa si\u0119 w spos\u00f3b automatyczny.<\/p>\n<p class=\"gwp41eb4e19_MsoNormal\">Masz prawo wnie\u015b\u0107 skarg\u0119 w zwi\u0105zku z przetwarzaniem przez nas Twoich danych osobowych do organu nadzorczego, kt\u00f3rym jest Generalny Inspektor Ochrony Danych Osobowych (adres: Generalny Inspektor Ochrony Danych Osobowych, ul. Stawki 2, 00-193 Warszawa).<\/p>\n<p class=\"gwp41eb4e19_MsoNormal\"><b>W jakich sytuacjach mo\u017cesz si\u0119 sprzeciwi\u0107 wobec przetwarzania Twoich danych?<\/b><\/p>\n<p class=\"gwp41eb4e19_MsoNormal\">Masz prawo wnie\u015b\u0107 sprzeciw wobec przetwarzania Twoich danych osobowych, gdy:<\/p>\n<p class=\"gwp41eb4e19_MsoNormal\">\u00b7\u00a0\u00a0\u00a0\u00a0\u00a0\u00a0\u00a0\u00a0\u00a0przetwarzanie Twoich danych osobowych odbywa si\u0119 na podstawie prawnie uzasadnionego interesu lub dla cel\u00f3w statystycznych, a sprzeciw jest uzasadniony przez szczeg\u00f3ln\u0105 sytuacj\u0119, w kt\u00f3rej si\u0119 znalaz\u0142e\u015b\/a\u015b,<\/p>\n<p class=\"gwp41eb4e19_MsoNormal\">\u00b7\u00a0\u00a0\u00a0\u00a0\u00a0\u00a0\u00a0\u00a0\u00a0Twoje dane osobowe przetwarzane s\u0105 na potrzeby marketingu bezpo\u015bredniego, w tym s\u0105 profilowane dla tego celu.<\/p>\n<p class=\"gwp41eb4e19_MsoNormal\">Pami\u0119taj, \u017ce z prawa sprzeciwu mo\u017cesz skorzysta\u0107 od 25 maja 2018 roku.<\/p>\n<p class=\"gwp41eb4e19_MsoNormal\"><b>Komu udost\u0119pniamy Twoje dane osobowe?<\/b><\/p>\n<p class=\"gwp41eb4e19_MsoNormal\">Zgodnie z Prawem telekomunikacyjnym dane obj\u0119te obowi\u0105zkiem zatrzymania i przechowywania, generowane w sieci telekomunikacyjnej lub przez nich przetwarzane, na terytorium Rzeczypospolitej Polskiej, przez okres 12 miesi\u0119cy, licz\u0105c od dnia po\u0142\u0105czenia lub nieudanej pr\u00f3by po\u0142\u0105czenia, udost\u0119pnia\u0107 te dane uprawnionym podmiotom, a tak\u017ce s\u0105dowi i prokuratorowi, na zasadach i w trybie okre\u015blonych w przepisach odr\u0119bnych.<\/p>\n<p class=\"gwp41eb4e19_MsoNormal\">Dane obj\u0119te obowi\u0105zkiem zatrzymania i przechowywania<\/p>\n<p class=\"gwp41eb4e19_MsoNormal\">1. Obowi\u0105zkiem, o kt\u00f3rym mowa w art. 180a Ustawy Prawo Telekomunikacyjne, obowi\u0105zek zatrzymywania, przechowywania, udost\u0119pniania i ochrony danych ust. 1, obj\u0119te s\u0105 dane niezb\u0119dne do:<\/p>\n<p class=\"gwp41eb4e19_MsoNormal\">1)\u00a0\u00a0\u00a0\u00a0\u00a0\u00a0\u00a0\u00a0 ustalenia zako\u0144czenia sieci, telekomunikacyjnego urz\u0105dzenia ko\u0144cowego, u\u017cytkownika ko\u0144cowego:<\/p>\n<p class=\"gwp41eb4e19_MsoNormal\">a)\u00a0\u00a0\u00a0\u00a0\u00a0\u00a0\u00a0\u00a0 inicjuj\u0105cego po\u0142\u0105czenie,<\/p>\n<p class=\"gwp41eb4e19_MsoNormal\">b)\u00a0\u00a0\u00a0\u00a0\u00a0\u00a0\u00a0\u00a0 do kt\u00f3rego kierowane jest po\u0142\u0105czenie;<\/p>\n<p class=\"gwp41eb4e19_MsoNormal\">2)\u00a0\u00a0\u00a0\u00a0\u00a0\u00a0\u00a0\u00a0 okre\u015blenia:<\/p>\n<p class=\"gwp41eb4e19_MsoNormal\">a)\u00a0\u00a0\u00a0\u00a0\u00a0\u00a0\u00a0\u00a0 daty i godziny po\u0142\u0105czenia oraz czasu jego trwania,<\/p>\n<p class=\"gwp41eb4e19_MsoNormal\">b)\u00a0\u00a0\u00a0\u00a0\u00a0\u00a0\u00a0\u00a0 rodzaju po\u0142\u0105czenia,<\/p>\n<p class=\"gwp41eb4e19_MsoNormal\">c)\u00a0\u00a0\u00a0\u00a0\u00a0\u00a0\u00a0\u00a0 lokalizacji telekomunikacyjnego urz\u0105dzenia ko\u0144cowego.<\/p>\n<p class=\"gwp41eb4e19_MsoNormal\"><b>Jak d\u0142ugo przechowujemy Twoje dane osobowe?<\/b><\/p>\n<p class=\"gwp41eb4e19_MsoNormal\">Przechowujemy Twoje dane osobowe przez czas obowi\u0105zywania umowy zawartej z Tob\u0105, a tak\u017ce po jej zako\u0144czeniu w celach:<\/p>\n<p class=\"gwp41eb4e19_MsoNormal\">\u00b7\u00a0\u00a0\u00a0\u00a0\u00a0\u00a0\u00a0\u00a0\u00a0dochodzenia roszcze\u0144 w zwi\u0105zku z wykonywaniem umowy,<\/p>\n<p class=\"gwp41eb4e19_MsoNormal\">\u00b7\u00a0\u00a0\u00a0\u00a0\u00a0\u00a0\u00a0\u00a0\u00a0wykonania obowi\u0105zk\u00f3w wynikaj\u0105cych z przepis\u00f3w prawa, w tym w szczeg\u00f3lno\u015bci podatkowych i rachunkowych,<\/p>\n<p class=\"gwp41eb4e19_MsoNormal\">\u00b7\u00a0\u00a0\u00a0\u00a0\u00a0\u00a0\u00a0\u00a0\u00a0zapobiegania nadu\u017cyciom i oszustwom,<\/p>\n<p class=\"gwp41eb4e19_MsoNormal\">\u00b7\u00a0\u00a0\u00a0\u00a0\u00a0\u00a0\u00a0\u00a0\u00a0statystycznych i archiwizacyjnych,<\/p>\n<p class=\"gwp41eb4e19_MsoNormal\">\u00b7\u00a0\u00a0\u00a0\u00a0\u00a0\u00a0\u00a0\u00a0\u00a0maksymalnie przez okres wskazany w ustawie\u00a0 od dnia zako\u0144czenia wykonania umowy.<\/p>\n<p class=\"gwp41eb4e19_MsoNormal\">Przechowujemy Twoje dane osobowe dla cel\u00f3w marketingowych przez okres obowi\u0105zywania umowy lub do momentu wniesienia przez Ciebie sprzeciwu wobec takiego przetwarzania, w zale\u017cno\u015bci od tego, kt\u00f3re z tych zdarze\u0144 wyst\u0105pi wcze\u015bniej.<\/p>\n<p class=\"gwp41eb4e19_MsoNormal\">W celu rozliczalno\u015bci tj. udowodnienia przestrzegania przepis\u00f3w dotycz\u0105cych przetwarzania danych osobowych b\u0119dziemy przechowywa\u0107 dane przez okres, w kt\u00f3rym Firma Piotr Galas zobowi\u0105zana jest do zachowania danych lub dokument\u00f3w je zawieraj\u0105cych dla udokumentowania spe\u0142nienia wymaga\u0144 prawnych i umo\u017cliwienia kontroli ich spe\u0142nienia przez organy publiczne.<\/p>\n<p class=\"gwp41eb4e19_MsoNormal\"><b>Czy przekazujemy Twoje dane do pa\u0144stw spoza Europejskiego Obszaru Gospodarczego?<\/b><\/p>\n<p class=\"gwp41eb4e19_MsoNormal\">Twoje dane osobowe nie b\u0119d\u0105 przekazywane poza Europejski Obszar Gospodarczy.<\/p>\n<p class=\"gwp41eb4e19_MsoNormal\"><b>Polityka Prywatno\u015bci<\/b><\/p>\n<p class=\"gwp41eb4e19_MsoNormal\">Firma Piotr Galas informuje o tym, \u017ce na swoich stronach internetowych stosuje pliki cookies. Korzystaj\u0105c z\u00a0 serwis\u00f3w internetowych Firmy Piotr Galas bez zmiany ustawie\u0144 przegl\u0105darki, wyra\u017caj\u0105 Pa\u0144stwo zgod\u0119 na stosowanie plik\u00f3w cookies zgodnie z Polityk\u0105 Prywatno\u015bci.<\/p>\n","protected":false},"excerpt":{"rendered":"<p>Maj\u0105c na wzgl\u0119dzie ochron\u0119 i bezpiecze\u0144stwo Pa\u0144stwa danych osobowych oraz ze wzgl\u0119du na fakt, \u017ce w dniu 25 maja 2018 [&hellip;]<\/p>\n","protected":false},"author":1,"featured_media":0,"parent":0,"menu_order":0,"comment_status":"closed","ping_status":"closed","template":"","meta":{"site-sidebar-layout":"default","site-content-layout":"","ast-site-content-layout":"","site-content-style":"default","site-sidebar-style":"default","ast-global-header-display":"","ast-banner-title-visibility":"","ast-main-header-display":"","ast-hfb-above-header-display":"","ast-hfb-below-header-display":"","ast-hfb-mobile-header-display":"","site-post-title":"","ast-breadcrumbs-content":"","ast-featured-img":"","footer-sml-layout":"","theme-transparent-header-meta":"","adv-header-id-meta":"","stick-header-meta":"","header-above-stick-meta":"","header-main-stick-meta":"","header-below-stick-meta":"","astra-migrate-meta-layouts":"default","ast-page-background-enabled":"default","ast-page-background-meta":{"desktop":{"background-color":"var(--ast-global-color-4)","background-image":"","background-repeat":"repeat","background-position":"center center","background-size":"auto","background-attachment":"scroll","background-type":"","background-media":"","overlay-type":"","overlay-color":"","overlay-opacity":"","overlay-gradient":""},"tablet":{"background-color":"","background-image":"","background-repeat":"repeat","background-position":"center center","background-size":"auto","background-attachment":"scroll","background-type":"","background-media":"","overlay-type":"","overlay-color":"","overlay-opacity":"","overlay-gradient":""},"mobile":{"background-color":"","background-image":"","background-repeat":"repeat","background-position":"center center","background-size":"auto","background-attachment":"scroll","background-type":"","background-media":"","overlay-type":"","overlay-color":"","overlay-opacity":"","overlay-gradient":""}},"ast-content-background-meta":{"desktop":{"background-color":"var(--ast-global-color-5)","background-image":"","background-repeat":"repeat","background-position":"center center","background-size":"auto","background-attachment":"scroll","background-type":"","background-media":"","overlay-type":"","overlay-color":"","overlay-opacity":"","overlay-gradient":""},"tablet":{"background-color":"var(--ast-global-color-5)","background-image":"","background-repeat":"repeat","background-position":"center center","background-size":"auto","background-attachment":"scroll","background-type":"","background-media":"","overlay-type":"","overlay-color":"","overlay-opacity":"","overlay-gradient":""},"mobile":{"background-color":"var(--ast-global-color-5)","background-image":"","background-repeat":"repeat","background-position":"center center","background-size":"auto","background-attachment":"scroll","background-type":"","background-media":"","overlay-type":"","overlay-color":"","overlay-opacity":"","overlay-gradient":""}},"jetpack_post_was_ever_published":false,"footnotes":"","_links_to":"","_links_to_target":""},"class_list":["post-348","page","type-page","status-publish","hentry"],"jetpack_sharing_enabled":true,"jetpack_shortlink":"https:\/\/wp.me\/P8kCkk-5C","jetpack-related-posts":[],"_links":{"self":[{"href":"https:\/\/galas.net.pl\/index.php\/wp-json\/wp\/v2\/pages\/348","targetHints":{"allow":["GET"]}}],"collection":[{"href":"https:\/\/galas.net.pl\/index.php\/wp-json\/wp\/v2\/pages"}],"about":[{"href":"https:\/\/galas.net.pl\/index.php\/wp-json\/wp\/v2\/types\/page"}],"author":[{"embeddable":true,"href":"https:\/\/galas.net.pl\/index.php\/wp-json\/wp\/v2\/users\/1"}],"replies":[{"embeddable":true,"href":"https:\/\/galas.net.pl\/index.php\/wp-json\/wp\/v2\/comments?post=348"}],"version-history":[{"count":1,"href":"https:\/\/galas.net.pl\/index.php\/wp-json\/wp\/v2\/pages\/348\/revisions"}],"predecessor-version":[{"id":349,"href":"https:\/\/galas.net.pl\/index.php\/wp-json\/wp\/v2\/pages\/348\/revisions\/349"}],"wp:attachment":[{"href":"https:\/\/galas.net.pl\/index.php\/wp-json\/wp\/v2\/media?parent=348"}],"curies":[{"name":"wp","href":"https:\/\/api.w.org\/{rel}","templated":true}]}}