{"id":258,"date":"2017-09-04T12:00:47","date_gmt":"2017-09-04T10:00:47","guid":{"rendered":"http:\/\/galas.net.pl\/?page_id=258"},"modified":"2024-11-27T13:44:53","modified_gmt":"2024-11-27T12:44:53","slug":"strona-glowna","status":"publish","type":"page","link":"https:\/\/galas.net.pl\/","title":{"rendered":"Strona G\u0142\u00f3wna"},"content":{"rendered":"<div id=\"pl-258\"  class=\"panel-layout\" ><div id=\"pg-258-0\"  class=\"panel-grid panel-has-style\" ><div class=\"head1 siteorigin-panels-stretch panel-row-style panel-row-style-for-258-0\" data-stretch-type=\"full-stretched-padded\" ><div id=\"pgc-258-0-0\"  class=\"panel-grid-cell\" ><div id=\"panel-258-0-0-0\" class=\"so-panel widget widget_sow-image panel-first-child panel-last-child\" data-index=\"0\" ><div\n\t\t\t\n\t\t\tclass=\"so-widget-sow-image so-widget-sow-image-default-c67d20f9f743-258\"\n\t\t\t\n\t\t>\n<div class=\"sow-image-container\">\n\t\t<img loading=\"lazy\" decoding=\"async\" src=\"https:\/\/galas.net.pl\/wp-content\/uploads\/2017\/09\/hjfdg.png\" width=\"272\" height=\"182\" sizes=\"auto, (max-width: 272px) 100vw, 272px\" alt=\"\" \t\tclass=\"so-widget-image\"\/>\n\t<\/div>\n\n<\/div><\/div><\/div><\/div><\/div><div id=\"pg-258-1\"  class=\"panel-grid panel-has-style\" ><div class=\"siteorigin-panels-stretch panel-row-style panel-row-style-for-258-1\" data-stretch-type=\"full-stretched-padded\" ><div id=\"pgc-258-1-0\"  class=\"panel-grid-cell\" ><div id=\"panel-258-1-0-0\" class=\"so-panel widget widget_sow-headline panel-first-child panel-last-child\" data-index=\"1\" ><div\n\t\t\t\n\t\t\tclass=\"so-widget-sow-headline so-widget-sow-headline-default-c72f6ff518b8-258\"\n\t\t\t\n\t\t><div class=\"sow-headline-container \">\n\t\t\t\t\t\t<div class=\"decoration\">\n\t\t\t\t\t\t<div class=\"decoration-inside\"><\/div>\n\t\t\t\t\t<\/div>\n\t\t\t\t\t\t\t\t\t\t\t<h4 class=\"sow-sub-headline\">\n\t\t\t\t\t\t\t\t\t\t\t\t\t<a href=\"https:\/\/galas.net.pl\/index.php\/cennik\/\" target=\"_blank\" rel=\"noopener noreferrer\">\n\t\t\t\t\t\t\t\tBEZPRZEWODOWY<\/a>\t\t\t\t\t\t<\/h4>\n\t\t\t\t\t\t<\/div>\n<\/div><\/div><\/div><\/div><\/div><div id=\"pg-258-2\"  class=\"panel-grid panel-has-style\" ><div class=\"siteorigin-panels-stretch panel-row-style panel-row-style-for-258-2\" data-stretch-type=\"full-stretched-padded\" ><div id=\"pgc-258-2-0\"  class=\"panel-grid-cell\" ><div class=\"cien2 panel-cell-style panel-cell-style-for-258-2-0\" ><div id=\"panel-258-2-0-0\" class=\"so-panel widget widget_sow-headline panel-first-child panel-last-child\" data-index=\"2\" ><div class=\"text panel-widget-style panel-widget-style-for-258-2-0-0\" ><div\n\t\t\t\n\t\t\tclass=\"so-widget-sow-headline so-widget-sow-headline-default-70feeb0b6734-258\"\n\t\t\t\n\t\t><div class=\"sow-headline-container \">\n\t\t\t\t\t\t\t<h1 class=\"sow-sub-headline\">\n\t\t\t\t\t\t<font size=\"5px\">  18 Mb\/s <\/font>     ju\u017c od <font size=\"6px\" color=\"#EE5C5F\">33<\/font> z\u0142 miesi\u0119cznie\t\t\t\t\t\t<\/h1>\n\t\t\t\t\t\t<\/div>\n<\/div><\/div><\/div><\/div><\/div><\/div><\/div><div id=\"pg-258-3\"  class=\"panel-grid panel-has-style\" ><div class=\"siteorigin-panels-stretch panel-row-style panel-row-style-for-258-3\" data-stretch-type=\"full-stretched-padded\" ><div id=\"pgc-258-3-0\"  class=\"panel-grid-cell\" ><div class=\"cien2 panel-cell-style panel-cell-style-for-258-3-0\" ><div id=\"panel-258-3-0-0\" class=\"so-panel widget widget_sow-headline panel-first-child panel-last-child\" data-index=\"3\" ><div class=\"text panel-widget-style panel-widget-style-for-258-3-0-0\" ><div\n\t\t\t\n\t\t\tclass=\"so-widget-sow-headline so-widget-sow-headline-default-68785167cd80-258\"\n\t\t\t\n\t\t><div class=\"sow-headline-container \">\n\t\t\t\t\t\t\t<h1 class=\"sow-sub-headline\">\n\t\t\t\t\t\t<font size=\"5px\">  20 Mb\/s <\/font>     ju\u017c od <font size=\"6px\" color=\"#EE5C5F\">36<\/font> z\u0142 miesi\u0119cznie\t\t\t\t\t\t<\/h1>\n\t\t\t\t\t\t<\/div>\n<\/div><\/div><\/div><\/div><\/div><\/div><\/div><div id=\"pg-258-4\"  class=\"panel-grid panel-has-style\" ><div class=\"siteorigin-panels-stretch panel-row-style panel-row-style-for-258-4\" data-stretch-type=\"full-stretched-padded\" ><div id=\"pgc-258-4-0\"  class=\"panel-grid-cell\" ><div class=\"cien2 panel-cell-style panel-cell-style-for-258-4-0\" ><div id=\"panel-258-4-0-0\" class=\"so-panel widget widget_sow-headline panel-first-child panel-last-child\" data-index=\"4\" ><div class=\"text panel-widget-style panel-widget-style-for-258-4-0-0\" ><div\n\t\t\t\n\t\t\tclass=\"so-widget-sow-headline so-widget-sow-headline-default-68785167cd80-258\"\n\t\t\t\n\t\t><div class=\"sow-headline-container \">\n\t\t\t\t\t\t\t<h1 class=\"sow-sub-headline\">\n\t\t\t\t\t\t<font size=\"5px\">  25 Mb\/s <\/font>     ju\u017c od <font size=\"6px\" color=\"#EE5C5F\">39<\/font> z\u0142 miesi\u0119cznie\t\t\t\t\t\t<\/h1>\n\t\t\t\t\t\t<\/div>\n<\/div><\/div><\/div><\/div><\/div><\/div><\/div><div id=\"pg-258-5\"  class=\"panel-grid panel-has-style\" ><div class=\"siteorigin-panels-stretch panel-row-style panel-row-style-for-258-5\" data-stretch-type=\"full-stretched-padded\" ><div id=\"pgc-258-5-0\"  class=\"panel-grid-cell\" ><div class=\"cien2 panel-cell-style panel-cell-style-for-258-5-0\" ><div id=\"panel-258-5-0-0\" class=\"so-panel widget widget_sow-headline panel-first-child panel-last-child\" data-index=\"5\" ><div class=\"text panel-widget-style panel-widget-style-for-258-5-0-0\" ><div\n\t\t\t\n\t\t\tclass=\"so-widget-sow-headline so-widget-sow-headline-default-68785167cd80-258\"\n\t\t\t\n\t\t><div class=\"sow-headline-container \">\n\t\t\t\t\t\t\t<h1 class=\"sow-sub-headline\">\n\t\t\t\t\t\t<font size=\"5px\">  30 Mb\/s <\/font>     ju\u017c od <font size=\"6px\" color=\"#EE5C5F\">45<\/font> z\u0142 miesi\u0119cznie\t\t\t\t\t\t<\/h1>\n\t\t\t\t\t\t<\/div>\n<\/div><\/div><\/div><\/div><\/div><\/div><\/div><div id=\"pg-258-6\"  class=\"panel-grid panel-has-style\" ><div class=\"siteorigin-panels-stretch panel-row-style panel-row-style-for-258-6\" data-stretch-type=\"full-stretched-padded\" ><div id=\"pgc-258-6-0\"  class=\"panel-grid-cell\" ><div class=\"cien2 panel-cell-style panel-cell-style-for-258-6-0\" ><div id=\"panel-258-6-0-0\" class=\"so-panel widget widget_sow-headline panel-first-child\" data-index=\"6\" ><div\n\t\t\t\n\t\t\tclass=\"so-widget-sow-headline so-widget-sow-headline-default-c72f6ff518b8-258\"\n\t\t\t\n\t\t><div class=\"sow-headline-container \">\n\t\t\t\t\t\t<div class=\"decoration\">\n\t\t\t\t\t\t<div class=\"decoration-inside\"><\/div>\n\t\t\t\t\t<\/div>\n\t\t\t\t\t\t\t\t\t\t\t<h4 class=\"sow-sub-headline\">\n\t\t\t\t\t\t\t\t\t\t\t\t\t<a href=\"https:\/\/galas.net.pl\/index.php\/cennik\/\" target=\"_blank\" rel=\"noopener noreferrer\">\n\t\t\t\t\t\t\t\t\u015awiat\u0142owodowy<\/a>\t\t\t\t\t\t<\/h4>\n\t\t\t\t\t\t<\/div>\n<\/div><\/div><div id=\"panel-258-6-0-1\" class=\"so-panel widget widget_sow-headline\" data-index=\"7\" ><div class=\"text panel-widget-style panel-widget-style-for-258-6-0-1\" ><div\n\t\t\t\n\t\t\tclass=\"so-widget-sow-headline so-widget-sow-headline-default-28b000915185-258\"\n\t\t\t\n\t\t><div class=\"sow-headline-container \">\n\t\t\t\t\t\t\t<h1 class=\"sow-sub-headline\">\n\t\t\t\t\t\t<font size=\"5px\">  100 Mb\/s <\/font>     ju\u017c od <font size=\"6px\" color=\"#EE5C5F\">33<\/font> z\u0142 miesi\u0119cznie\t\t\t\t\t\t<\/h1>\n\t\t\t\t\t\t<\/div>\n<\/div><\/div><\/div><div id=\"panel-258-6-0-2\" class=\"so-panel widget widget_sow-headline\" data-index=\"8\" ><div class=\"text panel-widget-style panel-widget-style-for-258-6-0-2\" ><div\n\t\t\t\n\t\t\tclass=\"so-widget-sow-headline so-widget-sow-headline-default-68785167cd80-258\"\n\t\t\t\n\t\t><div class=\"sow-headline-container \">\n\t\t\t\t\t\t\t<h1 class=\"sow-sub-headline\">\n\t\t\t\t\t\t<font size=\"5px\">  300 Mb\/s <\/font>     ju\u017c od <font size=\"6px\" color=\"#EE5C5F\">50<\/font> z\u0142 miesi\u0119cznie\t\t\t\t\t\t<\/h1>\n\t\t\t\t\t\t<\/div>\n<\/div><\/div><\/div><div id=\"panel-258-6-0-3\" class=\"so-panel widget widget_sow-headline\" data-index=\"9\" ><div class=\"text panel-widget-style panel-widget-style-for-258-6-0-3\" ><div\n\t\t\t\n\t\t\tclass=\"so-widget-sow-headline so-widget-sow-headline-default-68785167cd80-258\"\n\t\t\t\n\t\t><div class=\"sow-headline-container \">\n\t\t\t\t\t\t\t<h1 class=\"sow-sub-headline\">\n\t\t\t\t\t\t<font size=\"5px\">  600 Mb\/s <\/font>     ju\u017c od <font size=\"6px\" color=\"#EE5C5F\">70<\/font> z\u0142 miesi\u0119cznie\t\t\t\t\t\t<\/h1>\n\t\t\t\t\t\t<\/div>\n<\/div><\/div><\/div><div id=\"panel-258-6-0-4\" class=\"so-panel widget widget_sow-headline panel-last-child\" data-index=\"10\" ><div class=\"text panel-widget-style panel-widget-style-for-258-6-0-4\" ><div\n\t\t\t\n\t\t\tclass=\"so-widget-sow-headline so-widget-sow-headline-default-68731d219cb9-258\"\n\t\t\t\n\t\t><div class=\"sow-headline-container \">\n\t<\/div>\n<\/div><\/div><\/div><\/div><\/div><\/div><\/div><div id=\"pg-258-7\"  class=\"panel-grid panel-has-style\" ><div class=\"siteorigin-panels-stretch panel-row-style panel-row-style-for-258-7\" data-stretch-type=\"full-stretched-padded\" ><div id=\"pgc-258-7-0\"  class=\"panel-grid-cell\" ><div class=\"cien2 panel-cell-style panel-cell-style-for-258-7-0\" ><div id=\"panel-258-7-0-0\" class=\"so-panel widget widget_sow-headline panel-first-child panel-last-child\" data-index=\"11\" ><div class=\"text panel-widget-style panel-widget-style-for-258-7-0-0\" ><div\n\t\t\t\n\t\t\tclass=\"so-widget-sow-headline so-widget-sow-headline-default-68731d219cb9-258\"\n\t\t\t\n\t\t><div class=\"sow-headline-container \">\n\t<\/div>\n<\/div><\/div><\/div><\/div><\/div><\/div><\/div><div id=\"pg-258-8\"  class=\"panel-grid panel-no-style\" ><div id=\"pgc-258-8-0\"  class=\"panel-grid-cell\" ><div id=\"panel-258-8-0-0\" class=\"so-panel widget widget_sow-headline panel-first-child panel-last-child\" data-index=\"12\" ><div\n\t\t\t\n\t\t\tclass=\"so-widget-sow-headline so-widget-sow-headline-default-0362ba8a2fe5-258\"\n\t\t\t\n\t\t><div class=\"sow-headline-container \">\n\t\t\t\t\t\t\t<h1 class=\"sow-headline\">\n\t\t\t\t\t\t\u015awiadczymy us\u0142ugi dost\u0119pu do Internetu w miejscowo\u015bciach\t\t\t\t\t\t<\/h1>\n\t\t\t\t\t\t\t\t\t\t\t<div class=\"decoration\">\n\t\t\t\t\t\t<div class=\"decoration-inside\"><\/div>\n\t\t\t\t\t<\/div>\n\t\t\t\t\t<\/div>\n<\/div><\/div><\/div><\/div><div id=\"pg-258-9\"  class=\"panel-grid panel-no-style\" ><div id=\"pgc-258-9-0\"  class=\"panel-grid-cell\" ><div id=\"panel-258-9-0-0\" class=\"so-panel widget widget_text panel-first-child panel-last-child\" data-index=\"13\" >\t\t\t<div class=\"textwidget\"><p>Bistuszowa\u00a0\u00a0\u00a0\u00a0\u00a0\u00a0\u00a0\u00a0\u00a0 Buchcice\u00a0\u00a0\u00a0\u00a0\u00a0\u00a0\u00a0\u00a0\u00a0 Burzyn\u00a0\u00a0\u00a0\u00a0\u00a0\u00a0\u00a0\u00a0\u00a0 Chojnik\u00a0\u00a0\u00a0\u00a0\u00a0\u00a0\u00a0\u00a0\u00a0 D\u0105br\u00f3wka Tuchowska\u00a0\u00a0\u00a0\u00a0\u00a0\u00a0\u00a0\u00a0\u00a0 Gromnik\u00a0\u00a0\u00a0\u00a0\u00a0\u00a0\u00a0\u00a0\u00a0 Jod\u0142\u00f3wka Tuchowska\u00a0\u00a0\u00a0\u00a0\u00a0\u00a0\u00a0\u00a0\u00a0 Karwodrza\u00a0\u00a0\u00a0\u00a0\u00a0\u00a0\u00a0\u00a0\u00a0 Ko\u0142k\u00f3wka\u00a0\u00a0\u00a0\u00a0\u00a0\u00a0\u00a0\u00a0\u00a0 Kowalowa\u00a0\u00a0\u00a0\u00a0\u00a0\u00a0\u00a0\u00a0\u00a0 Lichwin\u00a0\u00a0\u00a0\u00a0\u00a0\u00a0\u00a0\u00a0\u00a0 Lubaszowa\u00a0\u00a0\u00a0\u00a0\u00a0\u00a0\u00a0\u00a0\u00a0 Lubcza\u00a0\u00a0\u00a0\u00a0\u00a0\u00a0\u00a0\u00a0\u00a0 \u0141owcz\u00f3w\u00a0\u00a0\u00a0\u00a0\u00a0\u00a0\u00a0\u00a0\u00a0 \u0141owcz\u00f3wek\u00a0\u00a0\u00a0\u00a0\u00a0\u00a0\u00a0\u00a0\u00a0 Meszna Opacka\u00a0\u00a0\u00a0\u00a0\u00a0\u00a0\u00a0\u00a0\u00a0 Olszyny\u00a0\u00a0\u00a0\u00a0\u00a0\u00a0\u00a0\u00a0\u00a0 O\u0142piny\u00a0\u00a0\u00a0\u00a0\u00a0\u00a0\u00a0\u00a0\u00a0 Piotrkowice\u00a0\u00a0\u00a0\u00a0\u00a0\u00a0\u00a0\u00a0\u00a0 Ple\u015bna\u00a0\u00a0\u00a0\u00a0\u00a0\u00a0\u00a0\u00a0\u00a0 Rychwa\u0142d\u00a0\u00a0\u00a0\u00a0\u00a0\u00a0\u00a0\u00a0\u00a0 Ryglice\u00a0\u00a0\u00a0\u00a0\u00a0\u00a0\u00a0\u00a0\u00a0 Rzepiennik Biskupi\u00a0\u00a0\u00a0\u00a0\u00a0\u00a0\u00a0\u00a0\u00a0 Rzepiennik Strzy\u017cewski\u00a0\u00a0\u00a0\u00a0\u00a0\u00a0\u00a0\u00a0\u00a0 Rzepiennik\u00a0\u00a0\u00a0\u00a0\u00a0\u00a0\u00a0\u00a0\u00a0 Suchy\u00a0\u00a0\u00a0\u00a0\u00a0\u00a0\u00a0\u00a0\u00a0 Siedliska\u00a0\u00a0\u00a0\u00a0\u00a0\u00a0\u00a0\u00a0\u00a0 Szynwa\u0142d\u00a0\u00a0\u00a0\u00a0\u00a0\u00a0\u00a0\u00a0\u00a0 Trzemesna\u00a0\u00a0\u00a0\u00a0\u00a0\u00a0\u00a0\u00a0\u00a0 Tuch\u00f3w\u00a0\u00a0\u00a0\u00a0\u00a0\u00a0\u00a0\u00a0\u00a0 Turza\u00a0\u00a0\u00a0\u00a0\u00a0\u00a0\u00a0\u00a0\u00a0 Uniszowa\u00a0\u00a0\u00a0\u00a0\u00a0\u00a0\u00a0\u00a0\u00a0 Wola Lubecka\u00a0\u00a0\u00a0\u00a0\u00a0\u00a0\u00a0\u00a0 Zab\u0142\u0119dza\u00a0\u00a0\u00a0\u00a0\u00a0\u00a0\u00a0\u00a0\u00a0 Zalasowa<\/p>\n<\/div>\n\t\t<\/div><\/div><\/div><div id=\"pg-258-10\"  class=\"panel-grid panel-no-style\" ><div id=\"pgc-258-10-0\"  class=\"panel-grid-cell\" ><div id=\"panel-258-10-0-0\" class=\"so-panel widget widget_sow-editor panel-first-child panel-last-child\" data-index=\"14\" ><div\n\t\t\t\n\t\t\tclass=\"so-widget-sow-editor so-widget-sow-editor-base\"\n\t\t\t\n\t\t>\n<div class=\"siteorigin-widget-tinymce textwidget\">\n\t<h2 style=\"text-align: center;\">Gdzie jeste\u015bmy?<\/h2>\n<p style=\"text-align: center;\">ul. Mickiewicza 14, 33-170 Tuch\u00f3w<\/p>\n<p>&nbsp;<\/p>\n        <div class=\"gmwd_container_wrapper\">            <div class=\"gmwd_container\">                <div id=\"gmwd_container_1\">                    <script>                        if(typeof gmwdmapData == 'undefined'){                            var gmwdmapData = [];                         }                                                                gmwdmapData[\"widget\" + '6'] = \"\";                                           gmwdmapData[\"mapId\" + '6'] = Number(\"2\");                                           gmwdmapData[\"centerLat\" + '6'] = Number(\"49.89418999999999\");                        gmwdmapData[\"centerLng\" + '6'] = Number(\"21.05413299999998\");\t                        gmwdmapData[\"zoom\" + '6'] = Number(\"17\");                        gmwdmapData[\"mapType\" + '6'] = \"0\";                        gmwdmapData[\"maxZoom\" + '6'] = Number(\"22\");                        gmwdmapData[\"minZoom\" + '6'] = Number(\"2\");                        gmwdmapData[\"mapWhellScrolling\" + '6'] = Number(\"0\") == 1 ? true : false;\t\t\t\t                        gmwdmapData[\"infoWindowOpenOn\" + '6'] = \"click\" ;\t\t\t\t                        gmwdmapData[\"mapDragable\" + '6'] = Number(\"1\") == 1 ? true : false;\t                            gmwdmapData[\"mapDbClickZoom\" + '6'] = Number(\"0\") == 1 ? true : false;\t                                                            gmwdmapData[\"enableZoomControl\" + '6'] = Number(\"1\") == 1 ? true : false;                        gmwdmapData[\"enableMapTypeControl\" + '6'] = Number(\"1\") == 1 ? true : false;\t\t\t                        gmwdmapData[\"mapTypeControlOptions\" + '6'] = {};                                                gmwdmapData[\"enableScaleControl\" + '6'] = Number(\"1\") == 1 ? true : false;                        gmwdmapData[\"enableStreetViewControl\" + '6'] = Number(\"1\") == 1 ? true : false;                        gmwdmapData[\"enableFullscreenControl\" + '6'] = Number(\"0\") == 1 ? true : false;                        gmwdmapData[\"enableRotateControl\" + '6'] = Number(\"1\") == 1 ? true : false;                        gmwdmapData[\"mapTypeControlPosition\" + '6'] = Number(\"0\");                                                gmwdmapData[\"zoomControlPosition\" + '6'] = Number(\"0\");                        gmwdmapData[\"streetViewControlPosition\" + '6'] = Number(\"0\");                                                gmwdmapData[\"fullscreenControlPosition\" + '6'] = Number(\"0\");                                                gmwdmapData[\"mapTypeControlStyle\" + '6'] = Number(\"0\");\t\t\t\t                        gmwdmapData[\"mapBorderRadius\" + '6'] = \"\";                        gmwdmapData[\"enableBykeLayer\" + '6'] =  Number(\"0\");\t                        gmwdmapData[\"enableTrafficLayer\" + '6'] =  Number(\"0\");\t\t\t\t                        gmwdmapData[\"enableTransitLayer\" + '6'] =  Number(\"0\");\t                        gmwdmapData[\"geoRSSURL\" + '6'] = \"\";\t                        gmwdmapData[\"KMLURL\" + '6'] = \"\";\t                        gmwdmapData[\"fusionTableId\" + '6'] = '';\t                                        gmwdmapData[\"mapTheme\" + '6'] = '';\t\t\t                        gmwdmapData[\"mapMarkers\" + '6'] = JSON.parse('{\"9\":{\"id\":\"9\",\"map_id\":\"2\",\"lat\":\"49.894171979898324\",\"lng\":\"21.05403429695891\",\"category\":\"0\",\"title\":\"Sklep\",\"address\":\"DW977 14, 33-170 Tuch\\u00f3w, Polska\",\"animation\":\"NONE\",\"enable_info_window\":\"1\",\"info_window_open\":\"0\",\"marker_size\":\"32\",\"custom_marker_url\":\"\",\"choose_marker_icon\":\"1\",\"description\":\"\",\"link_url\":\"\",\"pic_url\":\"\",\"published\":\"1\"}}');                        gmwdmapData[\"mapPolygons\" + '6'] =  JSON.parse('[]');                        gmwdmapData[\"mapPolylines\" + '6'] = JSON.parse('[]');                                                gmwdmapData[\"enableCategoryFilter\" + '6'] = \"0\";                                                gmwdmapData[\"enableDirections\" + '6'] = \"0\";                        gmwdmapData[\"enableStoreLocatior\" + '6'] = \"0\";                        gmwdmapData[\"storeLocatorDistanceIn\" + '6'] = \"km\";                                                gmwdmapData[\"storeLocatorStrokeWidth\" + '6'] = Number(\"2\");                        gmwdmapData[\"storeLocatorFillColor\" + '6'] = \"#\" + \"7FDF16\";                        gmwdmapData[\"storeLocatorFillOpacity\" + '6'] = Number(\"0.3\");                        gmwdmapData[\"storeLocatorLineColor\" + '6'] = \"#\" + \"000\";                        gmwdmapData[\"storeLocatorLineOpacity\" + '6'] = Number(\"0.6\");                                                gmwdmapData[\"markerListingType\" + '6'] = \"0\";                        gmwdmapData[\"markerListInsideMap\" + '6'] = \"0\";                        gmwdmapData[\"markerListPosition\" + '6'] = Number(\"0\");                        gmwdmapData[\"infoWindowInfo\" + '6'] = \"title,address,desc,pic\";                        gmwdmapData[\"advancedInfoWindowPosition\" + '6'] = Number(\"10\");                        gmwdmapData[\"geolocateUser\" + '6'] = Number(\"0\");                        gmwdmapData[\"items\" + '6'] = \"3\";                                                gmwdmapData[\"enableSerchBox\" + '6'] = \"0\";                        gmwdmapData[\"serchBoxPosition\" + '6'] = Number(\"3\");                                                gmwdmapData[\"allMarkers\" + '6'] = [];                               gmwdmapData[\"allPolygons\" + '6'] = [];                        gmwdmapData[\"allPolygonMarkers\" + '6'] = [];                        gmwdmapData[\"allPolylines\" + '6'] = [];                        gmwdmapData[\"allPolylineMarkers\" + '6'] = [];                        gmwdmapData[\"infoWindows\" + '6'] = [];                        gmwdmapData[\"ajaxData\" + '6']  = {};                                                var ajaxURL = \"https:\/\/galas.net.pl\/wp-admin\/admin-ajax.php\";                        var markerDefaultIcon = \"\";                        var GMWD_URL = \"https:\/\/galas.net.pl\/wp-content\/plugins\/wd-google-maps\";                        jQuery( document ).ready(function() {\t\t\t\t\t                            gmwdInitMainMap(\"wd-map6\",false, '6');                            gmwdReadyFunction('6');                        });                    <\/script>                                        <div class=\"wd-clear\">                        <div id=\"wd-map6\" class=\"wd-row \" style=\" height:300px; width:100%\"><\/div>                    <\/div>                                                                <\/div>            <\/div>\t\t<\/div>\t\t\n<\/div>\n<\/div><\/div><\/div><\/div><div id=\"pg-258-11\"  class=\"panel-grid panel-has-style\" ><div class=\"siteorigin-panels-stretch panel-row-style panel-row-style-for-258-11\" data-stretch-type=\"full-stretched-padded\" ><div id=\"pgc-258-11-0\"  class=\"panel-grid-cell\" ><div id=\"panel-258-11-0-0\" class=\"so-panel widget widget_text panel-first-child panel-last-child\" data-index=\"15\" ><div class=\"panel-widget-style panel-widget-style-for-258-11-0-0\" >\t\t\t<div class=\"textwidget\"><p><font size=\"1px\">D\u0104BR\u00d3WKA TUCHOWSKA LUBASZOWA TUCH\u00d3W BURZYN JONINY \u017bUROWA ZAB\u0141\u0118DZA KARWODRZA TRZEMESNA SZYNWA\u0141D ZALASOWA WOLA LUBECKA ZWIERNIK DZWONOWA LUBCZA JOD\u0141OWA KARWODRZA JONINY RYGLICE BISTUSZOWA UNISZOWA KO\u0141K\u00d3WKA JOD\u0141\u00d3WKA TUCHOWSKA O\u0141PINY OLSZYNY TURZA RZEPIENNIK MARCISZEWSKI RZEPIENNIK BISKUPI RZEPIENNIK SUCHY RZEPIENNIK STRZY\u017bEWSKI CHOJNIK WO\u0179NICZNA PLE\u015aNA<\/font><\/p>\n<\/div>\n\t\t<\/div><\/div><\/div><\/div><\/div><div id=\"pg-258-12\"  class=\"panel-grid panel-has-style\" ><div class=\"panel-row-style panel-row-style-for-258-12\" ><div id=\"pgc-258-12-0\"  class=\"panel-grid-cell panel-grid-cell-empty\" ><\/div><\/div><\/div><\/div>","protected":false},"excerpt":{"rendered":"<p>BEZPRZEWODOWY 18 Mb\/s ju\u017c od 33 z\u0142 miesi\u0119cznie 20 Mb\/s ju\u017c od 36 z\u0142 miesi\u0119cznie 25 Mb\/s ju\u017c od 39 [&hellip;]<\/p>\n","protected":false},"author":1,"featured_media":0,"parent":0,"menu_order":0,"comment_status":"closed","ping_status":"closed","template":"","meta":{"site-sidebar-layout":"default","site-content-layout":"","ast-site-content-layout":"","site-content-style":"default","site-sidebar-style":"default","ast-global-header-display":"","ast-banner-title-visibility":"","ast-main-header-display":"","ast-hfb-above-header-display":"","ast-hfb-below-header-display":"","ast-hfb-mobile-header-display":"","site-post-title":"","ast-breadcrumbs-content":"","ast-featured-img":"","footer-sml-layout":"","theme-transparent-header-meta":"","adv-header-id-meta":"","stick-header-meta":"","header-above-stick-meta":"","header-main-stick-meta":"","header-below-stick-meta":"","astra-migrate-meta-layouts":"default","ast-page-background-enabled":"default","ast-page-background-meta":{"desktop":{"background-color":"var(--ast-global-color-4)","background-image":"","background-repeat":"repeat","background-position":"center center","background-size":"auto","background-attachment":"scroll","background-type":"","background-media":"","overlay-type":"","overlay-color":"","overlay-opacity":"","overlay-gradient":""},"tablet":{"background-color":"","background-image":"","background-repeat":"repeat","background-position":"center center","background-size":"auto","background-attachment":"scroll","background-type":"","background-media":"","overlay-type":"","overlay-color":"","overlay-opacity":"","overlay-gradient":""},"mobile":{"background-color":"","background-image":"","background-repeat":"repeat","background-position":"center center","background-size":"auto","background-attachment":"scroll","background-type":"","background-media":"","overlay-type":"","overlay-color":"","overlay-opacity":"","overlay-gradient":""}},"ast-content-background-meta":{"desktop":{"background-color":"var(--ast-global-color-5)","background-image":"","background-repeat":"repeat","background-position":"center center","background-size":"auto","background-attachment":"scroll","background-type":"","background-media":"","overlay-type":"","overlay-color":"","overlay-opacity":"","overlay-gradient":""},"tablet":{"background-color":"var(--ast-global-color-5)","background-image":"","background-repeat":"repeat","background-position":"center center","background-size":"auto","background-attachment":"scroll","background-type":"","background-media":"","overlay-type":"","overlay-color":"","overlay-opacity":"","overlay-gradient":""},"mobile":{"background-color":"var(--ast-global-color-5)","background-image":"","background-repeat":"repeat","background-position":"center center","background-size":"auto","background-attachment":"scroll","background-type":"","background-media":"","overlay-type":"","overlay-color":"","overlay-opacity":"","overlay-gradient":""}},"jetpack_post_was_ever_published":false,"footnotes":"","_links_to":"","_links_to_target":""},"class_list":["post-258","page","type-page","status-publish","hentry"],"jetpack_sharing_enabled":true,"jetpack_shortlink":"https:\/\/wp.me\/P8kCkk-4a","jetpack-related-posts":[],"_links":{"self":[{"href":"https:\/\/galas.net.pl\/index.php\/wp-json\/wp\/v2\/pages\/258","targetHints":{"allow":["GET"]}}],"collection":[{"href":"https:\/\/galas.net.pl\/index.php\/wp-json\/wp\/v2\/pages"}],"about":[{"href":"https:\/\/galas.net.pl\/index.php\/wp-json\/wp\/v2\/types\/page"}],"author":[{"embeddable":true,"href":"https:\/\/galas.net.pl\/index.php\/wp-json\/wp\/v2\/users\/1"}],"replies":[{"embeddable":true,"href":"https:\/\/galas.net.pl\/index.php\/wp-json\/wp\/v2\/comments?post=258"}],"version-history":[{"count":1066,"href":"https:\/\/galas.net.pl\/index.php\/wp-json\/wp\/v2\/pages\/258\/revisions"}],"predecessor-version":[{"id":1685,"href":"https:\/\/galas.net.pl\/index.php\/wp-json\/wp\/v2\/pages\/258\/revisions\/1685"}],"wp:attachment":[{"href":"https:\/\/galas.net.pl\/index.php\/wp-json\/wp\/v2\/media?parent=258"}],"curies":[{"name":"wp","href":"https:\/\/api.w.org\/{rel}","templated":true}]}}