{"id":244,"date":"2017-03-13T21:50:56","date_gmt":"2017-03-13T20:50:56","guid":{"rendered":"http:\/\/galas.net.pl\/?page_id=244"},"modified":"2017-03-13T21:50:56","modified_gmt":"2017-03-13T20:50:56","slug":"ira-inteligentne-rozwiazania-automatyki","status":"publish","type":"page","link":"https:\/\/galas.net.pl\/index.php\/ira-inteligentne-rozwiazania-automatyki\/","title":{"rendered":"IRA Inteligentne Rozwi\u0105zania Automatyki"},"content":{"rendered":"<p>IRA Inteligentne Rozwi\u0105zania Automatyki<br \/>\nDom idealnie dopasowany do potrzeb Domownik\u00f3w. Uk\u0142ad i aran\u017cacja<br \/>\nposzczeg\u00f3lnych pomieszcze\u0144 w domu, a tak\u017ce zastosowanie wielu<br \/>\nnowoczesnych rozwi\u0105za\u0144 technologicznych \u2013 takich jak np. system<br \/>\nsterowania o\u015bwietleniem czy wentylacja mechaniczna z klimatyzacj\u0105 i<br \/>\nrekuperacj\u0105 \u2013 podporz\u0105dkowane zosta\u0142y nadrz\u0119dnemu celowi, kt\u00f3rym<br \/>\nby\u0142a<br \/>\nfunkcjonalno\u015b\u0107 idealnie dopasowana do potrzeb i oczekiwa\u0144 domownik\u00f3w.<br \/>\nWszystkie pomieszczenia, z kt\u00f3rych korzysta si\u0119 na co dzie\u0144, w tym<br \/>\ntak\u017ce<br \/>\nsypialnia z garderob\u0105 i \u0142azienk\u0105, znajduj\u0105 si\u0119 na parterze budynku i<br \/>\nnie<br \/>\nwymagaj\u0105 ci\u0105g\u0142ego w\u0119drowania po schodach.<\/p>\n<p>Inteligentny budynek<\/p>\n<p>Warto zastanowi\u0107 si\u0119 nad inwestycj\u0105 w biuro z XXI w. To nie tylko<br \/>\ngwarancja komfortu i wygody dla u\u017cytkownik\u00f3w, pewno\u015b\u0107 eleganckiego<br \/>\nwygl\u0105du i obni\u017cenia koszt\u00f3w utrzymania budynku. B\u0119dziecie mogli<br \/>\nPa\u0144stwo<br \/>\nzapomnie\u0107 o skomplikowanym zarz\u0105dzaniu poszczeg\u00f3lnymi instalacjami,<br \/>\nponiewa\u017c obs\u0142uga inteligentnego systemu jest prosta i nie wymaga<br \/>\nwysi\u0142ku. Budynkiem mo\u017cna zarz\u0105dza\u0107 zdalnie i lokalnie.<\/p>\n<p>System sterowania czuwa\u0107 b\u0119dzie nad funkcjonowaniem wszystkich<br \/>\ninstalacji \u2013 o\u015bwietleniem, ogrzewaniem, klimatyzacj\u0105 i wentylacj\u0105, a<br \/>\ntak\u017ce alarmem. Dzi\u0119ki temu r\u00f3wnie\u017c koszty eksploatacji budynku b\u0119d\u0105<br \/>\npod<br \/>\nkontrol\u0105. System nie wykrywaj\u0105c obecno\u015bci pracownik\u00f3w wy\u0142\u0105czy<br \/>\no\u015bwietlenie na klatce schodowej i w toaletach. Nie pozwoli na otwarcie<br \/>\nokien, podczas gdy w pomieszczeniu b\u0119dzie w\u0142\u0105czona klimatyzacja.<br \/>\nZmniejszy ogrzewanie, by nie generowa\u0107 koszt\u00f3w. B\u0119dzie czuwa\u0142, by<br \/>\nogrzewanie i klimatyzacja nie by\u0142y w\u0142\u0105czone w tym samym momencie w<br \/>\njednym pomieszczeniu. Temperatura regulowana b\u0119dzie automatycznie, w<br \/>\nzale\u017cno\u015bci od temperatury panuj\u0105cej na zewn\u0105trz, a rolety w oknach<br \/>\nopuszcz\u0105 si\u0119 w przypadku ostrego s\u0142o\u0144ca. Nad bezpiecze\u0144stwem czuwa\u0107<br \/>\nb\u0119dzie system alarmowy reaguj\u0105cy na zagro\u017cenia takie jak w\u0142amanie,<br \/>\npo\u017car, czy zalanie.<\/p>\n<p>Inteligentny dom<\/p>\n<p>Inteligentny dom to miejsce, w kt\u00f3rym wszystkie instalacje elektryczne<br \/>\nzintegrowane s\u0105 w jedn\u0105. Poszczeg\u00f3lne sensory i czujniki komunikuj\u0105<br \/>\nsi\u0119<br \/>\nze sob\u0105 i reaguj\u0105 na zmiany w otoczeniu. Dzi\u0119ki temu sterowanie systemem<\/p>\n<p>alarmowym, ogrzewaniem, o\u015bwietleniem, klimatyzacj\u0105 czy roletami nie<br \/>\nwymaga od mieszka\u0144ca \u017cadnego wysi\u0142ku. Wszystkie akcje w inteligentnym<br \/>\ndomu mog\u0105 by\u0107 podejmowane przez system automatycznie.<\/p>\n<p>Komfort<br \/>\nMog\u0105 Pa\u0144stwo wyposa\u017cy\u0107 sw\u00f3j dom w czujniki, kt\u00f3re b\u0119d\u0105 samoczynnie<\/p>\n<p>reagowa\u0107 na zmieniaj\u0105ce si\u0119 nat\u0119\u017cenia s\u0142o\u0144ca, wysokie i niskie<br \/>\ntemperatury. Rano \u015bwiat\u0142a mog\u0105 za\u0142\u0105cza\u0107 si\u0119 powoli, by nie<br \/>\no\u015blepia\u0107<br \/>\nmieszka\u0144c\u00f3w, a zamiast natarczywego d\u017awi\u0119ku budzika w\u0142\u0105czy si\u0119<br \/>\nPa\u0144stwa<br \/>\nulubiona piosenka. Otwarte okno zim\u0105 spowoduje wy\u0142\u0105czenie si\u0119<br \/>\ngrzejnik\u00f3w. Ostre s\u0142o\u0144ce sprawi, \u017ce automatycznie zasun\u0105 si\u0119 rolety.<\/p>\n<p>Je\u015bli temperatura w pomieszczeniu spadnie poni\u017cej okre\u015blonej, grzejniki<\/p>\n<p>w\u0142\u0105cz\u0105 si\u0119 samoczynnie, by zapewni\u0107 Pa\u0144stwu komfortowe warunki do<br \/>\nwypoczynku. Wygoda<br \/>\nInteligentny dom to swobodny klimat, pozwalaj\u0105cy na zsynchronizowanie<br \/>\nwymaga\u0144 nowoczesnych domownik\u00f3w oraz kreatywne i nieszablonowe<br \/>\nzarz\u0105dzanie przestrzeni\u0105. Mo\u017cemy zapomnie\u0107 o rutynowych, codziennych<br \/>\nczynno\u015bciach. Wiele z nich system wykonuje automatycznie, a wszystkimi<br \/>\nmo\u017cemy sterowa\u0107 w bardzo prosty spos\u00f3b, za pomoc\u0105 wielofunkcyjnych<br \/>\nprzycisk\u00f3w w panelu steruj\u0105cym, a tak\u017ce zdalnie przy u\u017cyciu iPada,<br \/>\ntelefonu, czy komputera z pod\u0142\u0105czeniem do Internetu.<\/p>\n<p>Bezpiecze\u0144stwo<br \/>\nInteligentny system zapewni kompleksow\u0105 ochron\u0119 przed w\u0142amaniem i<br \/>\nkradzie\u017c\u0105 oraz przed potencjalnym po\u017carem czy zalaniem. Systemy alarmowe<\/p>\n<p>mog\u0105 podzieli\u0107 budynek na kilka stref, wi\u0119c cz\u0119\u015b\u0107 domu, w kt\u00f3rej<br \/>\naktualnie nie przebywamy jest aktywnie chroniona. Z kolei czujniki ruchu<br \/>\nzamontowane w budynku s\u0105 tak skonstruowane, \u017ce nie w\u0142\u0105cz\u0105 alarmu,<br \/>\nwyczuwaj\u0105c obecno\u015b\u0107 zostawionych w domu zwierz\u0105t.<\/p>\n<p>W chwili wykrycia intruza na terenie naszej posesji informacja o<br \/>\nw\u0142amaniu mo\u017ce dotrze\u0107 do nas w postaci informacji wy\u015bwietlaj\u0105cej si\u0119<br \/>\nna<br \/>\nurz\u0105dzeniu mobilnym. Alarm mo\u017ce by\u0107 po\u0142\u0105czony z sygna\u0142em<br \/>\nd\u017awi\u0119kowym, co<br \/>\nwystraszy potencjalnych z\u0142odziei oraz cichym powiadomieniem odpowiednich<br \/>\ns\u0142u\u017cb monitoruj\u0105cych budynek, co u\u0142atwi ich schwytanie. Nowoczesne<br \/>\nsystemy bezpiecze\u0144stwa daj\u0105 r\u00f3wnie\u017c mo\u017cliwo\u015b\u0107 ci\u0105g\u0142ego<br \/>\nmonitorowania<br \/>\ndomu.<\/p>\n<p>Oszcz\u0119dno\u015bci<br \/>\nOszcz\u0119dno\u015b\u0107 energii elektrycznej i cieplnej w bezpo\u015bredni spos\u00f3b<br \/>\nprzek\u0142ada si\u0119 na ochron\u0119 \u015brodowiska. System nie pozwoli na jednoczesne<\/p>\n<p>otwarcie okien i utrat\u0119 ciep\u0142a z w\u0142\u0105czonych grzejnik\u00f3w, samoczynnie je<\/p>\n<p>zamknie. Co wi\u0119cej, instalacja kolejnych element\u00f3w systemu jest ta\u0144sza i<\/p>\n<p>\u0142atwiejsza \u2013 okablowanie budynku jest przystosowane do zmian i<br \/>\nunowocze\u015bnie\u0144.<\/p>\n<p>Nastr\u00f3j i elegancja<br \/>\nDom z inteligentn\u0105 instalacj\u0105 przykuwa uwag\u0119 go\u015bci. Ilo\u015b\u0107 przycisk\u00f3w<br \/>\ni<br \/>\nwy\u0142\u0105cznik\u00f3w jest ograniczona do minimum. S\u0105 dyskretne, eleganckie i<br \/>\nnowoczesne. Idealnie dopasowane do wystroju wn\u0119trza. Jeden wy\u015bwietlacz<br \/>\nmo\u017ce obs\u0142u\u017cy\u0107 ca\u0142y dom \u2013 od ogrzewania, przez o\u015bwietlenie, \u017caluzje<br \/>\nczy<br \/>\nsystem alarmowy. Dzi\u0119ki \u201escenom \u015bwietlnym\u201d zbuduj\u0105 Pa\u0144stwo<br \/>\nodpowiedni<br \/>\nnastr\u00f3j na ka\u017cd\u0105 okazj\u0119 \u2013 romantyczn\u0105 kolacj\u0119, mecz pi\u0142ki no\u017cnej<br \/>\nze<br \/>\nznajomymi, wieczorne czytanie ksi\u0105\u017cki, czy imprez\u0119. System Multiroom<br \/>\nsprawi, \u017ce zaskocz\u0105 Pa\u0144stwo go\u015bci muzyk\u0105 dobiegaj\u0105c\u0105 z niewidocznych<\/p>\n<p>g\u0142o\u015bnik\u00f3w, a system kina domowego sprawi, \u017ce poczuj\u0105 si\u0119 Pa\u0144stwo jak<br \/>\nw<br \/>\nprawdziwej sali kinowej.<\/p>\n","protected":false},"excerpt":{"rendered":"<p>IRA Inteligentne Rozwi\u0105zania Automatyki Dom idealnie dopasowany do potrzeb Domownik\u00f3w. Uk\u0142ad i aran\u017cacja poszczeg\u00f3lnych pomieszcze\u0144 w domu, a tak\u017ce zastosowanie [&hellip;]<\/p>\n","protected":false},"author":1,"featured_media":0,"parent":0,"menu_order":0,"comment_status":"closed","ping_status":"closed","template":"","meta":{"site-sidebar-layout":"default","site-content-layout":"","ast-site-content-layout":"","site-content-style":"default","site-sidebar-style":"default","ast-global-header-display":"","ast-banner-title-visibility":"","ast-main-header-display":"","ast-hfb-above-header-display":"","ast-hfb-below-header-display":"","ast-hfb-mobile-header-display":"","site-post-title":"","ast-breadcrumbs-content":"","ast-featured-img":"","footer-sml-layout":"","theme-transparent-header-meta":"","adv-header-id-meta":"","stick-header-meta":"","header-above-stick-meta":"","header-main-stick-meta":"","header-below-stick-meta":"","astra-migrate-meta-layouts":"default","ast-page-background-enabled":"default","ast-page-background-meta":{"desktop":{"background-color":"var(--ast-global-color-4)","background-image":"","background-repeat":"repeat","background-position":"center center","background-size":"auto","background-attachment":"scroll","background-type":"","background-media":"","overlay-type":"","overlay-color":"","overlay-opacity":"","overlay-gradient":""},"tablet":{"background-color":"","background-image":"","background-repeat":"repeat","background-position":"center center","background-size":"auto","background-attachment":"scroll","background-type":"","background-media":"","overlay-type":"","overlay-color":"","overlay-opacity":"","overlay-gradient":""},"mobile":{"background-color":"","background-image":"","background-repeat":"repeat","background-position":"center center","background-size":"auto","background-attachment":"scroll","background-type":"","background-media":"","overlay-type":"","overlay-color":"","overlay-opacity":"","overlay-gradient":""}},"ast-content-background-meta":{"desktop":{"background-color":"var(--ast-global-color-5)","background-image":"","background-repeat":"repeat","background-position":"center center","background-size":"auto","background-attachment":"scroll","background-type":"","background-media":"","overlay-type":"","overlay-color":"","overlay-opacity":"","overlay-gradient":""},"tablet":{"background-color":"var(--ast-global-color-5)","background-image":"","background-repeat":"repeat","background-position":"center center","background-size":"auto","background-attachment":"scroll","background-type":"","background-media":"","overlay-type":"","overlay-color":"","overlay-opacity":"","overlay-gradient":""},"mobile":{"background-color":"var(--ast-global-color-5)","background-image":"","background-repeat":"repeat","background-position":"center center","background-size":"auto","background-attachment":"scroll","background-type":"","background-media":"","overlay-type":"","overlay-color":"","overlay-opacity":"","overlay-gradient":""}},"jetpack_post_was_ever_published":false,"footnotes":"","_links_to":"","_links_to_target":""},"class_list":["post-244","page","type-page","status-publish","hentry"],"jetpack_sharing_enabled":true,"jetpack_shortlink":"https:\/\/wp.me\/P8kCkk-3W","jetpack-related-posts":[],"_links":{"self":[{"href":"https:\/\/galas.net.pl\/index.php\/wp-json\/wp\/v2\/pages\/244","targetHints":{"allow":["GET"]}}],"collection":[{"href":"https:\/\/galas.net.pl\/index.php\/wp-json\/wp\/v2\/pages"}],"about":[{"href":"https:\/\/galas.net.pl\/index.php\/wp-json\/wp\/v2\/types\/page"}],"author":[{"embeddable":true,"href":"https:\/\/galas.net.pl\/index.php\/wp-json\/wp\/v2\/users\/1"}],"replies":[{"embeddable":true,"href":"https:\/\/galas.net.pl\/index.php\/wp-json\/wp\/v2\/comments?post=244"}],"version-history":[{"count":2,"href":"https:\/\/galas.net.pl\/index.php\/wp-json\/wp\/v2\/pages\/244\/revisions"}],"predecessor-version":[{"id":246,"href":"https:\/\/galas.net.pl\/index.php\/wp-json\/wp\/v2\/pages\/244\/revisions\/246"}],"wp:attachment":[{"href":"https:\/\/galas.net.pl\/index.php\/wp-json\/wp\/v2\/media?parent=244"}],"curies":[{"name":"wp","href":"https:\/\/api.w.org\/{rel}","templated":true}]}}