{"id":242,"date":"2017-03-13T21:50:39","date_gmt":"2017-03-13T20:50:39","guid":{"rendered":"http:\/\/galas.net.pl\/?page_id=242"},"modified":"2017-03-13T21:50:39","modified_gmt":"2017-03-13T20:50:39","slug":"ebs-sp-z-o-o","status":"publish","type":"page","link":"https:\/\/galas.net.pl\/index.php\/ebs-sp-z-o-o\/","title":{"rendered":"EBS Sp. z o.o."},"content":{"rendered":"<p>EBS Sp. z o.o.<\/p>\n<p>Produkty<br \/>\nFirma EBS jest niezale\u017cnym polskim producentem w bran\u017cy system\u00f3w<br \/>\nzabezpiecze\u0144 od 1989 roku. Innowacyjno\u015b\u0107 wykorzystywanych technologii<br \/>\noraz wysoko wykwalifikowana kadra in\u017cynierska zapewniaj\u0105 najwy\u017csz\u0105<br \/>\njako\u015b\u0107 wdra\u017canych produkt\u00f3w.<br \/>\nStale poszerzana oferta produktowa EBS obejmuje m.in. r\u00f3\u017cne rodzaje<br \/>\ntransmiter\u00f3w GSM, transmitery IP, systemy GPS, centrale alarmowe,<br \/>\nsystemy hybrydowe pozwalaj\u0105ce na przesy\u0142 danych dwoma kana\u0142ami GSM i<br \/>\nEthernet, wiele modeli sygnalizator\u00f3w wewn\u0119trznych i zewn\u0119trznych, a<br \/>\ntak\u017ce oprogramowanie do oferowanych urz\u0105dze\u0144.<\/p>\n<p>SATEL: bezpiecze\u0144stwo na co dzie\u0144<\/p>\n<p>Bezpiecze\u0144stwo \u2013 pragniesz go dla siebie i swoich najbli\u017cszych. Chcesz<br \/>\nchroni\u0107 swoj\u0105 rodzin\u0119 i wszystko, co posiadasz, niezale\u017cnie od tego, co<\/p>\n<p>robisz i gdzie przebywasz.<br \/>\nWiesz te\u017c, \u017ce z poczucia bezpiecze\u0144stwa wyp\u0142ywa pewno\u015b\u0107, \u017ce mo\u017cesz<\/p>\n<p>spokojnie cieszy\u0107 si\u0119 ka\u017cdym nadchodz\u0105cym dniem. Dlatego \u2013 tak jak<br \/>\nmiliony ludzi na ca\u0142ym \u015bwiecie \u2013 szukasz sprawdzonych rozwi\u0105za\u0144 do<br \/>\nochrony domu i biznesu. Odpowiedzi\u0105 na te potrzeby s\u0105 urz\u0105dzenia SATEL,<\/p>\n<p>kt\u00f3re \u0142\u0105cz\u0105 najwy\u017csz\u0105 jako\u015b\u0107 i bogat\u0105 funkcjonalno\u015b\u0107, a dzi\u0119ki<\/p>\n<p>intuicyjnym interfejsom zapewniaj\u0105 komfortowe sterowanie systemem<br \/>\nka\u017cdego dnia.<\/p>\n","protected":false},"excerpt":{"rendered":"<p>EBS Sp. z o.o. Produkty Firma EBS jest niezale\u017cnym polskim producentem w bran\u017cy system\u00f3w zabezpiecze\u0144 od 1989 roku. Innowacyjno\u015b\u0107 wykorzystywanych [&hellip;]<\/p>\n","protected":false},"author":1,"featured_media":0,"parent":0,"menu_order":0,"comment_status":"closed","ping_status":"closed","template":"","meta":{"site-sidebar-layout":"default","site-content-layout":"","ast-site-content-layout":"","site-content-style":"default","site-sidebar-style":"default","ast-global-header-display":"","ast-banner-title-visibility":"","ast-main-header-display":"","ast-hfb-above-header-display":"","ast-hfb-below-header-display":"","ast-hfb-mobile-header-display":"","site-post-title":"","ast-breadcrumbs-content":"","ast-featured-img":"","footer-sml-layout":"","theme-transparent-header-meta":"","adv-header-id-meta":"","stick-header-meta":"","header-above-stick-meta":"","header-main-stick-meta":"","header-below-stick-meta":"","astra-migrate-meta-layouts":"default","ast-page-background-enabled":"default","ast-page-background-meta":{"desktop":{"background-color":"var(--ast-global-color-4)","background-image":"","background-repeat":"repeat","background-position":"center center","background-size":"auto","background-attachment":"scroll","background-type":"","background-media":"","overlay-type":"","overlay-color":"","overlay-opacity":"","overlay-gradient":""},"tablet":{"background-color":"","background-image":"","background-repeat":"repeat","background-position":"center center","background-size":"auto","background-attachment":"scroll","background-type":"","background-media":"","overlay-type":"","overlay-color":"","overlay-opacity":"","overlay-gradient":""},"mobile":{"background-color":"","background-image":"","background-repeat":"repeat","background-position":"center center","background-size":"auto","background-attachment":"scroll","background-type":"","background-media":"","overlay-type":"","overlay-color":"","overlay-opacity":"","overlay-gradient":""}},"ast-content-background-meta":{"desktop":{"background-color":"var(--ast-global-color-5)","background-image":"","background-repeat":"repeat","background-position":"center center","background-size":"auto","background-attachment":"scroll","background-type":"","background-media":"","overlay-type":"","overlay-color":"","overlay-opacity":"","overlay-gradient":""},"tablet":{"background-color":"var(--ast-global-color-5)","background-image":"","background-repeat":"repeat","background-position":"center center","background-size":"auto","background-attachment":"scroll","background-type":"","background-media":"","overlay-type":"","overlay-color":"","overlay-opacity":"","overlay-gradient":""},"mobile":{"background-color":"var(--ast-global-color-5)","background-image":"","background-repeat":"repeat","background-position":"center center","background-size":"auto","background-attachment":"scroll","background-type":"","background-media":"","overlay-type":"","overlay-color":"","overlay-opacity":"","overlay-gradient":""}},"jetpack_post_was_ever_published":false,"footnotes":"","_links_to":"","_links_to_target":""},"class_list":["post-242","page","type-page","status-publish","hentry"],"jetpack_sharing_enabled":true,"jetpack_shortlink":"https:\/\/wp.me\/P8kCkk-3U","jetpack-related-posts":[],"_links":{"self":[{"href":"https:\/\/galas.net.pl\/index.php\/wp-json\/wp\/v2\/pages\/242","targetHints":{"allow":["GET"]}}],"collection":[{"href":"https:\/\/galas.net.pl\/index.php\/wp-json\/wp\/v2\/pages"}],"about":[{"href":"https:\/\/galas.net.pl\/index.php\/wp-json\/wp\/v2\/types\/page"}],"author":[{"embeddable":true,"href":"https:\/\/galas.net.pl\/index.php\/wp-json\/wp\/v2\/users\/1"}],"replies":[{"embeddable":true,"href":"https:\/\/galas.net.pl\/index.php\/wp-json\/wp\/v2\/comments?post=242"}],"version-history":[{"count":1,"href":"https:\/\/galas.net.pl\/index.php\/wp-json\/wp\/v2\/pages\/242\/revisions"}],"predecessor-version":[{"id":243,"href":"https:\/\/galas.net.pl\/index.php\/wp-json\/wp\/v2\/pages\/242\/revisions\/243"}],"wp:attachment":[{"href":"https:\/\/galas.net.pl\/index.php\/wp-json\/wp\/v2\/media?parent=242"}],"curies":[{"name":"wp","href":"https:\/\/api.w.org\/{rel}","templated":true}]}}