{"id":240,"date":"2017-03-13T21:50:21","date_gmt":"2017-03-13T20:50:21","guid":{"rendered":"http:\/\/galas.net.pl\/?page_id=240"},"modified":"2017-03-13T21:50:21","modified_gmt":"2017-03-13T20:50:21","slug":"ff","status":"publish","type":"page","link":"https:\/\/galas.net.pl\/index.php\/ff\/","title":{"rendered":"F&#038;F"},"content":{"rendered":"<p>Jak dzia\u0142a inteligentny budynek F&amp;Home?<br \/>\nDzi\u0119ki poszczeg\u00f3lnym elementom systemu mo\u017cesz przy u\u017cyciu przycisk\u00f3w<br \/>\nna\u015bciennych, smartfona, tabletu czy laptopa \u2013 zarz\u0105dza\u0107 o\u015bwietleniem,<br \/>\nogrzewaniem, ma\u0142ym agd, roletami, oknami, kamerami, wentylacj\u0105,<br \/>\npodlewaniem ogrodu.. Systemy daj\u0105 niezliczone warianty funkcjonalno\u015bci.<br \/>\nZaprogramowane wcze\u015bniej scenariusze wywo\u0142aj\u0105 zdarzenia, w czasie kiedy<\/p>\n<p>pracujesz lub oddajesz si\u0119 swoim zaj\u0119ciom.<\/p>\n<p>System F&amp;Home jest jednym z bardziej interesuj\u0105cych rozwi\u0105za\u0144 w<br \/>\ndziedzinie inteligentnych dom\u00f3w. Oferuje szeroki zakres funkcji w<br \/>\nniezwykle korzystnej cenie.<\/p>\n<p>Wygoda<br \/>\nSystemy wyr\u0119cz\u0105 Ci\u0119w codziennych czynno\u015bciach bazuj\u0105c na informacjach<br \/>\nz<br \/>\nsensor\u00f3w i serwis\u00f3w internetowych.<\/p>\n<p>Oszcz\u0119dno\u015b\u0107<br \/>\nPodczas Twojej nieobecno\u015bci systemy obni\u017c\u0105 temperatur\u0119 w<br \/>\npomieszczeniachi wy\u0142\u0105cz\u0105 niepotrzebne \u017ar\u00f3d\u0142a \u015bwiat\u0142a. Podlewanie<br \/>\nogrodu<br \/>\nnie za\u0142\u0105czy si\u0119 podczas deszczowej pogody.<\/p>\n<p>Bezpiecze\u0144stwo<br \/>\nW razie po\u017caru, zalania lub innych zdarze\u0144 losowych systemy natychmiast<br \/>\nuruchomi\u0105 alarm oraz powiadomi\u0105 odpowiednie s\u0142u\u017cby i domownik\u00f3w.<\/p>\n<p>Zarz\u0105dzaj mobilnie<br \/>\nZainstaluj aplikacj\u0119 na smartfonie, tablecie. Zarz\u0105dzaj funkcjami domu z<\/p>\n<p>dowolnego miejsca na \u015bwiecie za po\u015brednictwem us\u0142ugi cloud.<br \/>\nF&amp;Wave to \u0142atwy w monta\u017cu i niezwykle prosty w obs\u0142udze system<br \/>\nbezprzewodowego sterowania urz\u0105dzeniami codziennego u\u017cytku. Pozwala na<br \/>\nzdalne sterowanie urz\u0105dzeniami w Twoim otoczeniu przy wykorzystaniu<br \/>\npilot\u00f3w oraz radiowych przycisk\u00f3w \u015bciennych i nadajnik\u00f3w bateryjnych<br \/>\npod<br \/>\nprzyciski.<\/p>\n<p>F&amp;HOME RADIO jest jednym z najta\u0144szych rozwi\u0105za\u0144 na rynku, oferuj\u0105c<br \/>\nprzy<br \/>\ntym niezwykle szeroki wachlarz mo\u017cliwo\u015bci sterowania i konfiguracji. W<br \/>\nniezwykle \u0142atwy spos\u00f3b, z dowolnego miejsca na \u015bwiecie, b\u0119dziesz mia\u0142<\/p>\n<p>pe\u0142n\u0105 kontrol\u0119 nad funkcjonowaniem domu. System F&amp;HOME RADIO jest<br \/>\nzaprojektowany w spos\u00f3b umo\u017cliwiaj\u0105cy jego szybk\u0105 instalacj\u0119 w<br \/>\nobiektach<br \/>\nistniej\u0105cych jak i nowo budowanych. W obu przypadkach do\u0142o\u017cenie systemu<\/p>\n<p>F&amp;Home RADIO nie wp\u0142ywa na koszt okablowania, mo\u017ce wr\u0119cz ten koszt<br \/>\nobni\u017cy\u0107.<\/p>\n<p>System F&amp;Home jest jednym z bardziej interesuj\u0105cych rozwi\u0105za\u0144 w<br \/>\ndziedzinie inteligentnych dom\u00f3w. Oferuje szeroki zakres funkcji w<br \/>\nniezwykle korzystnej cenie.Dzi\u0119ki rozproszeniu funkcjonaln\u015bci na<br \/>\noddzielne modu\u0142y indywidualnie realizuj\u0105ce poszczeg\u00f3lne funkcje, mo\u017cesz<\/p>\n<p>dopasowa\u0107 system do swoich potrzeb i mo\u017cliwo\u015bci finansowych.<br \/>\nSystem F&amp;Home umo\u017cliwia sterowanie:<br \/>\nO\u015bwietleniem typu w\u0142\u0105cz-wy\u0142\u0105cz (LED, \u017carowe, halogenowe,<br \/>\nenergooszcz\u0119dne, jarzeniowe),<br \/>\n\u015aciemnialnymi \u017ar\u00f3d\u0142ami \u015bwiat\u0142a (LED, \u017carowe, halogenowe),<br \/>\nO\u015bwietleniem LED RGB \u2013 zmiana barwy i jasno\u015bci \u015bwiecenia,<br \/>\nGniazdami sieciowymi lub odbiornikami zasilanymi dowolnym napi\u0119ciem,<br \/>\n\u017baluzjami i roletami zewn\u0119trznymi \/ wewn\u0119trznymi bramami i innymi<br \/>\nurz\u0105dzeniami silnikowymi,<br \/>\nTemperatur\u0105, ustawian\u0105 niezale\u017cnie dla ka\u017cdego pomieszczenia w<br \/>\nbudynku,<br \/>\nMa\u0142ym sprz\u0119tem AGD,<br \/>\nZraszaczami ogrodowymi.<\/p>\n<p>Proxi to modu\u0142owy system Plug&amp;Play s\u0142u\u017c\u0105cy do sterowania urz\u0105dzeniami<br \/>\nw<br \/>\nTwoim domu:o\u015bwietleniem, roletami, \u017caluzjami oraz bramami wjazdowymi i<br \/>\ngara\u017cowymi. System dzia\u0142a w oparciu o intuicyjn\u0105 aplikacj\u0119 mobiln\u0105 i<br \/>\nnie<br \/>\nwymaga dodatkowego serwera.<br \/>\nF&amp;Wave to \u0142atwy w monta\u017cu i niezwykle prosty w obs\u0142udze system<br \/>\nbezprzewodowego sterowania urz\u0105dzeniami codziennego u\u017cytku. Pozwala na<br \/>\nzdalne sterowanie o\u015bwietleniem, p\u0142ynn\u0105 regulacj\u0119 jasno\u015bci<br \/>\no\u015bwietlenia,<br \/>\nsterowanie roletami, \u017caluzjami, markizami, bramami wjazdowymi i<br \/>\ngara\u017cowymi oraz innymi urz\u0105dzeniami w domu przy wykorzystaniu pilot\u00f3w,<br \/>\nistniej\u0105cych przycisk\u00f3w na\u015bciennych oraz nadajnik\u00f3w pod przyciski.<br \/>\nTa oferta kierowana jest do klient\u00f3w, kt\u00f3rzy chc\u0105 podnie\u015b\u0107 komfort<br \/>\n\u017cycia. Prosty monta\u017c i konfiguracja element\u00f3w systemu sprawiaj\u0105 , \u017ce<br \/>\nF&amp;Wave wpisuje si\u0119 doskonale w koncepcj\u0119 \u201eZr\u00f3b to sam\u201d. Jest<br \/>\nniedrogi i<br \/>\nefektywny.<br \/>\nUnikaln\u0105 cechu systemu F&amp;Wave jest retransmisja sygna\u0142u \u2013 ka\u017cdy<br \/>\nodbiornik, kt\u00f3ry odbierze sygna\u0142 steruj\u0105cy z nadajnika automatycznie<br \/>\nprzesy\u0142a go dalej, co znacznie zwi\u0119ksza zasi\u0119g sterowania w przypadku<br \/>\noddalonych odbiornik\u00f3w od nadajnika. Na system sk\u0142adaj\u0105 si\u0119 odbiorniki<br \/>\n\u2013<br \/>\nurz\u0105dzenia wykonawcze wyprodukowane w wersji do monta\u017cu w puszce<br \/>\npodtynkowej \u00d860 oraz do monta\u017cu na szynie TH-35 (szeroko\u015b\u0107 1 modu\u0142u<br \/>\ntj.<br \/>\n17,5 mm). Obok odbiornik\u00f3w w systemie F&amp;Wave wyst\u0119puj\u0105 r\u00f3wnie\u017c<br \/>\nnadajniki, wykonane jako podr\u0119czne piloty oraz w wersji do monta\u017cu w<br \/>\npuszce podtynkowej.<\/p>\n","protected":false},"excerpt":{"rendered":"<p>Jak dzia\u0142a inteligentny budynek F&amp;Home? Dzi\u0119ki poszczeg\u00f3lnym elementom systemu mo\u017cesz przy u\u017cyciu przycisk\u00f3w na\u015bciennych, smartfona, tabletu czy laptopa \u2013 zarz\u0105dza\u0107 [&hellip;]<\/p>\n","protected":false},"author":1,"featured_media":0,"parent":0,"menu_order":0,"comment_status":"closed","ping_status":"closed","template":"","meta":{"site-sidebar-layout":"default","site-content-layout":"","ast-site-content-layout":"","site-content-style":"default","site-sidebar-style":"default","ast-global-header-display":"","ast-banner-title-visibility":"","ast-main-header-display":"","ast-hfb-above-header-display":"","ast-hfb-below-header-display":"","ast-hfb-mobile-header-display":"","site-post-title":"","ast-breadcrumbs-content":"","ast-featured-img":"","footer-sml-layout":"","theme-transparent-header-meta":"","adv-header-id-meta":"","stick-header-meta":"","header-above-stick-meta":"","header-main-stick-meta":"","header-below-stick-meta":"","astra-migrate-meta-layouts":"default","ast-page-background-enabled":"default","ast-page-background-meta":{"desktop":{"background-color":"var(--ast-global-color-4)","background-image":"","background-repeat":"repeat","background-position":"center center","background-size":"auto","background-attachment":"scroll","background-type":"","background-media":"","overlay-type":"","overlay-color":"","overlay-opacity":"","overlay-gradient":""},"tablet":{"background-color":"","background-image":"","background-repeat":"repeat","background-position":"center center","background-size":"auto","background-attachment":"scroll","background-type":"","background-media":"","overlay-type":"","overlay-color":"","overlay-opacity":"","overlay-gradient":""},"mobile":{"background-color":"","background-image":"","background-repeat":"repeat","background-position":"center center","background-size":"auto","background-attachment":"scroll","background-type":"","background-media":"","overlay-type":"","overlay-color":"","overlay-opacity":"","overlay-gradient":""}},"ast-content-background-meta":{"desktop":{"background-color":"var(--ast-global-color-5)","background-image":"","background-repeat":"repeat","background-position":"center center","background-size":"auto","background-attachment":"scroll","background-type":"","background-media":"","overlay-type":"","overlay-color":"","overlay-opacity":"","overlay-gradient":""},"tablet":{"background-color":"var(--ast-global-color-5)","background-image":"","background-repeat":"repeat","background-position":"center center","background-size":"auto","background-attachment":"scroll","background-type":"","background-media":"","overlay-type":"","overlay-color":"","overlay-opacity":"","overlay-gradient":""},"mobile":{"background-color":"var(--ast-global-color-5)","background-image":"","background-repeat":"repeat","background-position":"center center","background-size":"auto","background-attachment":"scroll","background-type":"","background-media":"","overlay-type":"","overlay-color":"","overlay-opacity":"","overlay-gradient":""}},"jetpack_post_was_ever_published":false,"footnotes":"","_links_to":"","_links_to_target":""},"class_list":["post-240","page","type-page","status-publish","hentry"],"jetpack_sharing_enabled":true,"jetpack_shortlink":"https:\/\/wp.me\/P8kCkk-3S","jetpack-related-posts":[],"_links":{"self":[{"href":"https:\/\/galas.net.pl\/index.php\/wp-json\/wp\/v2\/pages\/240","targetHints":{"allow":["GET"]}}],"collection":[{"href":"https:\/\/galas.net.pl\/index.php\/wp-json\/wp\/v2\/pages"}],"about":[{"href":"https:\/\/galas.net.pl\/index.php\/wp-json\/wp\/v2\/types\/page"}],"author":[{"embeddable":true,"href":"https:\/\/galas.net.pl\/index.php\/wp-json\/wp\/v2\/users\/1"}],"replies":[{"embeddable":true,"href":"https:\/\/galas.net.pl\/index.php\/wp-json\/wp\/v2\/comments?post=240"}],"version-history":[{"count":1,"href":"https:\/\/galas.net.pl\/index.php\/wp-json\/wp\/v2\/pages\/240\/revisions"}],"predecessor-version":[{"id":241,"href":"https:\/\/galas.net.pl\/index.php\/wp-json\/wp\/v2\/pages\/240\/revisions\/241"}],"wp:attachment":[{"href":"https:\/\/galas.net.pl\/index.php\/wp-json\/wp\/v2\/media?parent=240"}],"curies":[{"name":"wp","href":"https:\/\/api.w.org\/{rel}","templated":true}]}}