{"id":238,"date":"2017-03-13T21:50:04","date_gmt":"2017-03-13T20:50:04","guid":{"rendered":"http:\/\/galas.net.pl\/?page_id=238"},"modified":"2017-03-13T21:50:04","modified_gmt":"2017-03-13T20:50:04","slug":"fibaro","status":"publish","type":"page","link":"https:\/\/galas.net.pl\/index.php\/fibaro\/","title":{"rendered":"FIBARO"},"content":{"rendered":"<p>Fibaro<br \/>\nUrz\u0105dzenia FIBARO tworz\u0105 kompleksowy ekosystem dostosowany do funkcji<br \/>\npomieszcze\u0144 i potrzeb mieszka\u0144c\u00f3w.<\/p>\n<p>Dost\u0119p do Twojego domu oraz Twoje dane s\u0105 chronione na najwy\u017cszym<br \/>\npoziomie \u2013 poprzez systemy WAF i Anty-DDoS, szyfrowanie komunikacji z<br \/>\nwykorzystaniem protoko\u0142u TLS, a hase\u0142 poprzez bcrypt.<\/p>\n<p>Plug &amp; Play<br \/>\nSystem FIBARO jest prosty w instalacji i konfiguracji. Urz\u0105dzenia<br \/>\ninstalatorskie s\u0105 bezinwazyjne w monta\u017cu, a te plug &amp; play gotowe do<br \/>\nu\u017cycia tu\u017c po wyci\u0105gni\u0119ciu z pude\u0142ka i kr\u00f3tkiej konfiguracji.<\/p>\n<p>Sterowanie g\u0142osowe<br \/>\nFIBARO wsp\u00f3\u0142pracuje z technologiami sterowania g\u0142osowego. Po prostu<br \/>\npowiedz, jak system ma si\u0119 zachowa\u0107, a Twoja pro\u015bba b\u0119dzie spe\u0142niona<br \/>\nb\u0142yskawicznie.<\/p>\n<p>Zdalny dost\u0119p z ka\u017cdego miejsca<br \/>\nSprawdzanie stanu urz\u0105dze\u0144 i sterowanie mieszkaniem jest mo\u017cliwe z<br \/>\ndowolnego miejsca na Ziemi. Wystarczy dost\u0119p do Internetu, \u017ceby w<br \/>\ndowolnej chwili zajrze\u0107 do domu.<\/p>\n<p>Dom wype\u0142niony spokojem<br \/>\nPoza innymi rzeczami, FIBARO zadba o Wasze bezpiecze\u0144stwo oraz<br \/>\nzabezpieczy przed skutkami po\u017caru, zalania, czy w\u0142amania. Dodatkowo<br \/>\nka\u017cdego dnia u\u0142atwia \u017cycie osobom starszym, dzieciom i ludziom o<br \/>\nobni\u017conej mobilno\u015bci.<\/p>\n<p>Oszcz\u0119dzaj energi\u0119<br \/>\nFIBARO pozwala mierzy\u0107 zu\u017cycie energii elektrycznej domowych urz\u0105dze\u0144.<br \/>\nW<br \/>\nten spos\u00f3b \u0142atwo wychwycisz sprz\u0119ty odpowiedzialne za wysokie rachunki.<\/p>\n<p>Mo\u017cesz te\u017c zaprogramowa\u0107 system, aby automatycznie pomaga\u0142 uzyskiwa\u0107<br \/>\njak<br \/>\nnajwi\u0119ksze oszcz\u0119dno\u015bci.<\/p>\n","protected":false},"excerpt":{"rendered":"<p>Fibaro Urz\u0105dzenia FIBARO tworz\u0105 kompleksowy ekosystem dostosowany do funkcji pomieszcze\u0144 i potrzeb mieszka\u0144c\u00f3w. Dost\u0119p do Twojego domu oraz Twoje dane [&hellip;]<\/p>\n","protected":false},"author":1,"featured_media":0,"parent":0,"menu_order":0,"comment_status":"closed","ping_status":"closed","template":"","meta":{"site-sidebar-layout":"default","site-content-layout":"","ast-site-content-layout":"","site-content-style":"default","site-sidebar-style":"default","ast-global-header-display":"","ast-banner-title-visibility":"","ast-main-header-display":"","ast-hfb-above-header-display":"","ast-hfb-below-header-display":"","ast-hfb-mobile-header-display":"","site-post-title":"","ast-breadcrumbs-content":"","ast-featured-img":"","footer-sml-layout":"","theme-transparent-header-meta":"","adv-header-id-meta":"","stick-header-meta":"","header-above-stick-meta":"","header-main-stick-meta":"","header-below-stick-meta":"","astra-migrate-meta-layouts":"default","ast-page-background-enabled":"default","ast-page-background-meta":{"desktop":{"background-color":"var(--ast-global-color-4)","background-image":"","background-repeat":"repeat","background-position":"center center","background-size":"auto","background-attachment":"scroll","background-type":"","background-media":"","overlay-type":"","overlay-color":"","overlay-opacity":"","overlay-gradient":""},"tablet":{"background-color":"","background-image":"","background-repeat":"repeat","background-position":"center center","background-size":"auto","background-attachment":"scroll","background-type":"","background-media":"","overlay-type":"","overlay-color":"","overlay-opacity":"","overlay-gradient":""},"mobile":{"background-color":"","background-image":"","background-repeat":"repeat","background-position":"center center","background-size":"auto","background-attachment":"scroll","background-type":"","background-media":"","overlay-type":"","overlay-color":"","overlay-opacity":"","overlay-gradient":""}},"ast-content-background-meta":{"desktop":{"background-color":"var(--ast-global-color-5)","background-image":"","background-repeat":"repeat","background-position":"center center","background-size":"auto","background-attachment":"scroll","background-type":"","background-media":"","overlay-type":"","overlay-color":"","overlay-opacity":"","overlay-gradient":""},"tablet":{"background-color":"var(--ast-global-color-5)","background-image":"","background-repeat":"repeat","background-position":"center center","background-size":"auto","background-attachment":"scroll","background-type":"","background-media":"","overlay-type":"","overlay-color":"","overlay-opacity":"","overlay-gradient":""},"mobile":{"background-color":"var(--ast-global-color-5)","background-image":"","background-repeat":"repeat","background-position":"center center","background-size":"auto","background-attachment":"scroll","background-type":"","background-media":"","overlay-type":"","overlay-color":"","overlay-opacity":"","overlay-gradient":""}},"jetpack_post_was_ever_published":false,"footnotes":"","_links_to":"","_links_to_target":""},"class_list":["post-238","page","type-page","status-publish","hentry"],"jetpack_sharing_enabled":true,"jetpack_shortlink":"https:\/\/wp.me\/P8kCkk-3Q","jetpack-related-posts":[],"_links":{"self":[{"href":"https:\/\/galas.net.pl\/index.php\/wp-json\/wp\/v2\/pages\/238","targetHints":{"allow":["GET"]}}],"collection":[{"href":"https:\/\/galas.net.pl\/index.php\/wp-json\/wp\/v2\/pages"}],"about":[{"href":"https:\/\/galas.net.pl\/index.php\/wp-json\/wp\/v2\/types\/page"}],"author":[{"embeddable":true,"href":"https:\/\/galas.net.pl\/index.php\/wp-json\/wp\/v2\/users\/1"}],"replies":[{"embeddable":true,"href":"https:\/\/galas.net.pl\/index.php\/wp-json\/wp\/v2\/comments?post=238"}],"version-history":[{"count":1,"href":"https:\/\/galas.net.pl\/index.php\/wp-json\/wp\/v2\/pages\/238\/revisions"}],"predecessor-version":[{"id":239,"href":"https:\/\/galas.net.pl\/index.php\/wp-json\/wp\/v2\/pages\/238\/revisions\/239"}],"wp:attachment":[{"href":"https:\/\/galas.net.pl\/index.php\/wp-json\/wp\/v2\/media?parent=238"}],"curies":[{"name":"wp","href":"https:\/\/api.w.org\/{rel}","templated":true}]}}