{"id":20,"date":"2016-04-24T23:32:40","date_gmt":"2016-04-24T21:32:40","guid":{"rendered":"http:\/\/nowa.galas.net.pl\/?page_id=20"},"modified":"2024-03-14T15:45:17","modified_gmt":"2024-03-14T14:45:17","slug":"internet","status":"publish","type":"page","link":"https:\/\/galas.net.pl\/index.php\/internet\/","title":{"rendered":"Internet"},"content":{"rendered":"<h3>O us\u0142udze<\/h3>\n<hr size=\"2\" width=\"100%\" \/>\n<p>Oferujemy przewodowe i bezprzewodowe \u0142\u0105cza internetowe o przepustowo\u015bci od <strong><span style=\"color: #ff0000;\">18 Mbps do 1000 Mbps<\/span><\/strong>. Nie limitujemy i nie blokujemy \u017cadnego rodzaju ruchu, pasmo mo\u017ce by\u0107 w spos\u00f3b dowolny wykorzystywane przez u\u017cytkownika.<\/p>\n<p>W godzinach nocnych (tj. od godziny 23.00 do 9.00)\u00a0 na \u0142\u0105czach bezprzewodowych <strong><span style=\"color: #ff0000;\">wszystkie limity pr\u0119dko\u015bciowe s\u0105 wy\u0142\u0105czane<\/span><\/strong>.<\/p>\n<p>Nie limitujemy ilo\u015bci danych jakie u\u017cytkownik mo\u017ce wys\u0142a\u0107\/odebra\u0107 w sieci, nie obni\u017camy pr\u0119dko\u015bci ze wzgl\u0119du na ilo\u015b\u0107 przes\u0142anych danych.<\/p>\n<p>Standardowo ka\u017cdy u\u017cytkownik otrzymuje od nas jeden publiczny adres IP. Adres mo\u017ce by\u0107 wykorzystywany do podzielenia Internetu na kilka stanowisk w obr\u0119bie jednego gospodarstwa domowego. Nie limitujemy ilo\u015bci adres\u00f3w jakie u\u017cytkownik wykorzystuje w sieci lokalnej nale\u017cy jednak pami\u0119ta\u0107, \u017ce pasmo wsp\u00f3\u0142dzielone jest wtedy przez wszystkie urz\u0105dzenia znajduj\u0105ce si\u0119 za ruterem dokonuj\u0105cym podzia\u0142u sygna\u0142u internetowego.<\/p>\n<div>\n<h3>Dodatkowe korzy\u015bci<\/h3>\n<hr size=\"2\" width=\"100%\" \/>\n<\/div>\n<div>\n<p>W ramach abonamentu nasi u\u017cytkownicy bezprzewodowych \u0142\u0105cz internetowych otrzymuj\u0105 szereg dodatkowych us\u0142ug:<\/p>\n<\/div>\n<ul>\n<li>mo\u017cliwo\u015b\u0107 za\u0142o\u017cenia poczty elektronicznej (skrzynki e-mail) w domenie galas.net.pl (poczta w domenie galas.net.pl jest skanowana pod k\u0105tem obecno\u015bci wirus\u00f3w i spamu)<\/li>\n<li>dost\u0119p do poczty za pomoc\u0105 program\u00f3w pocztowych i strony www po szyfrowanych po\u0142\u0105czeniach<\/li>\n<li>publiczny (rutowalny) adres\u00a0IP<\/li>\n<li>dost\u0119p do Internetu tylko w okre\u015blonych godzinach<\/li>\n<li>dost\u0119p tylko do wybranych us\u0142ug (np. tylko www i poczta)<\/li>\n<li>mo\u017cliwo\u015b\u0107 za\u0142o\u017cenia w\u0142asnej strony internetowej w domenie galas.net.pl<\/li>\n<li>mo\u017cliwo\u015b\u0107 delegacji domeny na nasze serwery (koszty zwi\u0105zane z za\u0142o\u017ceniem i utrzymaniem delegacji u dostawcy wy\u017cszego stopnia ponosi u\u017cytkownik)<\/li>\n<\/ul>\n<h3>Jak zam\u00f3wi\u0107 pod\u0142\u0105czenie<\/h3>\n<div>\n<hr size=\"2\" width=\"100%\" \/>\n<\/div>\n<p>Aby uzyska\u0107 dost\u0119p do sieci internetowej galas-net nale\u017cy skontaktowa\u0107 si\u0119 z nami telefonicznie lub osobi\u015bcie w naszej siedzibie na ul. Mickiewicza 14 w Tuchowie. Je\u015bli lokalizacja punktu przy\u0142\u0105czeniowego znajduje si\u0119 w zasi\u0119gu naszej sieci um\u00f3wimy si\u0119 na wizyt\u0119 w celu sprawdzenie jako\u015bci sygna\u0142u na miejscu i przeprowadzenie test\u00f3w po\u0142\u0105czenia. Wst\u0119pnie mo\u017cliwo\u015bci techniczne pod\u0142\u0105czenia mo\u017cna sprawdzi\u0107 w oparciu o miejsce instalacji ale zawsze wymagane jest sprawdzenie si\u0142y sygna\u0142u radiowego na miejscu u klienta. Koszt przy\u0142\u0105cza uzale\u017cniony jest od sposobu pod\u0142\u0105czenia do sieci.<\/p>\n<p>Za przy\u0142\u0105cze mo\u017cesz nam zap\u0142aci\u0107 w ratach! Raty doliczane s\u0105 do abonamentu.<\/p>\n","protected":false},"excerpt":{"rendered":"<p>O us\u0142udze Oferujemy przewodowe i bezprzewodowe \u0142\u0105cza internetowe o przepustowo\u015bci od 18 Mbps do 1000 Mbps. Nie limitujemy i nie [&hellip;]<\/p>\n","protected":false},"author":1,"featured_media":278,"parent":0,"menu_order":0,"comment_status":"closed","ping_status":"closed","template":"","meta":{"site-sidebar-layout":"default","site-content-layout":"","ast-site-content-layout":"","site-content-style":"default","site-sidebar-style":"default","ast-global-header-display":"","ast-banner-title-visibility":"","ast-main-header-display":"","ast-hfb-above-header-display":"","ast-hfb-below-header-display":"","ast-hfb-mobile-header-display":"","site-post-title":"","ast-breadcrumbs-content":"","ast-featured-img":"","footer-sml-layout":"","theme-transparent-header-meta":"","adv-header-id-meta":"","stick-header-meta":"","header-above-stick-meta":"","header-main-stick-meta":"","header-below-stick-meta":"","astra-migrate-meta-layouts":"default","ast-page-background-enabled":"default","ast-page-background-meta":{"desktop":{"background-color":"var(--ast-global-color-4)","background-image":"","background-repeat":"repeat","background-position":"center center","background-size":"auto","background-attachment":"scroll","background-type":"","background-media":"","overlay-type":"","overlay-color":"","overlay-opacity":"","overlay-gradient":""},"tablet":{"background-color":"","background-image":"","background-repeat":"repeat","background-position":"center center","background-size":"auto","background-attachment":"scroll","background-type":"","background-media":"","overlay-type":"","overlay-color":"","overlay-opacity":"","overlay-gradient":""},"mobile":{"background-color":"","background-image":"","background-repeat":"repeat","background-position":"center center","background-size":"auto","background-attachment":"scroll","background-type":"","background-media":"","overlay-type":"","overlay-color":"","overlay-opacity":"","overlay-gradient":""}},"ast-content-background-meta":{"desktop":{"background-color":"var(--ast-global-color-5)","background-image":"","background-repeat":"repeat","background-position":"center center","background-size":"auto","background-attachment":"scroll","background-type":"","background-media":"","overlay-type":"","overlay-color":"","overlay-opacity":"","overlay-gradient":""},"tablet":{"background-color":"var(--ast-global-color-5)","background-image":"","background-repeat":"repeat","background-position":"center center","background-size":"auto","background-attachment":"scroll","background-type":"","background-media":"","overlay-type":"","overlay-color":"","overlay-opacity":"","overlay-gradient":""},"mobile":{"background-color":"var(--ast-global-color-5)","background-image":"","background-repeat":"repeat","background-position":"center center","background-size":"auto","background-attachment":"scroll","background-type":"","background-media":"","overlay-type":"","overlay-color":"","overlay-opacity":"","overlay-gradient":""}},"jetpack_post_was_ever_published":false,"footnotes":"","_links_to":"","_links_to_target":""},"class_list":["post-20","page","type-page","status-publish","has-post-thumbnail","hentry"],"jetpack_sharing_enabled":true,"jetpack_shortlink":"https:\/\/wp.me\/P8kCkk-k","jetpack-related-posts":[],"_links":{"self":[{"href":"https:\/\/galas.net.pl\/index.php\/wp-json\/wp\/v2\/pages\/20","targetHints":{"allow":["GET"]}}],"collection":[{"href":"https:\/\/galas.net.pl\/index.php\/wp-json\/wp\/v2\/pages"}],"about":[{"href":"https:\/\/galas.net.pl\/index.php\/wp-json\/wp\/v2\/types\/page"}],"author":[{"embeddable":true,"href":"https:\/\/galas.net.pl\/index.php\/wp-json\/wp\/v2\/users\/1"}],"replies":[{"embeddable":true,"href":"https:\/\/galas.net.pl\/index.php\/wp-json\/wp\/v2\/comments?post=20"}],"version-history":[{"count":15,"href":"https:\/\/galas.net.pl\/index.php\/wp-json\/wp\/v2\/pages\/20\/revisions"}],"predecessor-version":[{"id":1122,"href":"https:\/\/galas.net.pl\/index.php\/wp-json\/wp\/v2\/pages\/20\/revisions\/1122"}],"wp:featuredmedia":[{"embeddable":true,"href":"https:\/\/galas.net.pl\/index.php\/wp-json\/wp\/v2\/media\/278"}],"wp:attachment":[{"href":"https:\/\/galas.net.pl\/index.php\/wp-json\/wp\/v2\/media?parent=20"}],"curies":[{"name":"wp","href":"https:\/\/api.w.org\/{rel}","templated":true}]}}