{"id":17,"date":"2016-04-24T23:26:57","date_gmt":"2016-04-24T21:26:57","guid":{"rendered":"http:\/\/nowa.galas.net.pl\/?page_id=17"},"modified":"2024-03-03T22:12:47","modified_gmt":"2024-03-03T21:12:47","slug":"kontakt","status":"publish","type":"page","link":"https:\/\/galas.net.pl\/index.php\/kontakt\/","title":{"rendered":"Kontakt"},"content":{"rendered":"<h3>Dane kontaktowe<\/h3>\n<h3><span style=\"color: #3366ff;\">Piotr Galas<\/span><\/h3>\n<p>&nbsp;<\/p>\n<p class=\"caption\">ul. Mickiewicza 14, 33-170 Tuch\u00f3w<\/p>\n<p class=\"caption\">wojew\u00f3dztwo ma\u0142opolskie<\/p>\n<p>www: <a href=\"http:\/\/www.galas.net.pl\/\">http:\/\/www.galas.net.pl<\/a><\/p>\n<p>e-mail: <a href=\"mailto:sklep@galas.net.pl\">sklep@galas.net.pl<\/a><\/p>\n<p>Telefon\/Fax : <strong>14 652 33 44<\/strong><\/p>\n<p>NIP : <strong>873-107-59-10<\/strong><\/p>\n<p align=\"left\">Numer konta bankowego PKO BP SA <strong>79 1020 4955 0000 7302 0059 7500<\/strong><\/p>\n<p align=\"left\">Godziny otwarcia:<\/p>\n<p align=\"left\">Zapraszamy od poniedzia\u0142ku do pi\u0105tku w godzinach:<\/p>\n<h4 align=\"left\">8:00 &#8211; 16:00<\/h4>\n<h3>Jak do nas trafi\u0107<\/h3>\n        <div class=\"gmwd_container_wrapper\">            <div class=\"gmwd_container\">                <div id=\"gmwd_container_1\">                    <script>                        if(typeof gmwdmapData == 'undefined'){                            var gmwdmapData = [];                         }                                                                gmwdmapData[\"widget\" + '1'] = \"\";                                           gmwdmapData[\"mapId\" + '1'] = Number(\"1\");                                           gmwdmapData[\"centerLat\" + '1'] = Number(\"49.89431539670788\");                        gmwdmapData[\"centerLng\" + '1'] = Number(\"21.053852961059537\");\t                        gmwdmapData[\"zoom\" + '1'] = Number(\"17\");                        gmwdmapData[\"mapType\" + '1'] = \"0\";                        gmwdmapData[\"maxZoom\" + '1'] = Number(\"22\");                        gmwdmapData[\"minZoom\" + '1'] = Number(\"2\");                        gmwdmapData[\"mapWhellScrolling\" + '1'] = Number(\"0\") == 1 ? true : false;\t\t\t\t                        gmwdmapData[\"infoWindowOpenOn\" + '1'] = \"click\" ;\t\t\t\t                        gmwdmapData[\"mapDragable\" + '1'] = Number(\"1\") == 1 ? true : false;\t                            gmwdmapData[\"mapDbClickZoom\" + '1'] = Number(\"0\") == 1 ? true : false;\t                                                            gmwdmapData[\"enableZoomControl\" + '1'] = Number(\"1\") == 1 ? true : false;                        gmwdmapData[\"enableMapTypeControl\" + '1'] = Number(\"1\") == 1 ? true : false;\t\t\t                        gmwdmapData[\"mapTypeControlOptions\" + '1'] = {};                                                gmwdmapData[\"enableScaleControl\" + '1'] = Number(\"1\") == 1 ? true : false;                        gmwdmapData[\"enableStreetViewControl\" + '1'] = Number(\"1\") == 1 ? true : false;                        gmwdmapData[\"enableFullscreenControl\" + '1'] = Number(\"0\") == 1 ? true : false;                        gmwdmapData[\"enableRotateControl\" + '1'] = Number(\"1\") == 1 ? true : false;                        gmwdmapData[\"mapTypeControlPosition\" + '1'] = Number(\"0\");                                                gmwdmapData[\"zoomControlPosition\" + '1'] = Number(\"0\");                        gmwdmapData[\"streetViewControlPosition\" + '1'] = Number(\"0\");                                                gmwdmapData[\"fullscreenControlPosition\" + '1'] = Number(\"0\");                                                gmwdmapData[\"mapTypeControlStyle\" + '1'] = Number(\"0\");\t\t\t\t                        gmwdmapData[\"mapBorderRadius\" + '1'] = \"\";                        gmwdmapData[\"enableBykeLayer\" + '1'] =  Number(\"0\");\t                        gmwdmapData[\"enableTrafficLayer\" + '1'] =  Number(\"0\");\t\t\t\t                        gmwdmapData[\"enableTransitLayer\" + '1'] =  Number(\"0\");\t                        gmwdmapData[\"geoRSSURL\" + '1'] = \"\";\t                        gmwdmapData[\"KMLURL\" + '1'] = \"\";\t                        gmwdmapData[\"fusionTableId\" + '1'] = '';\t                                        gmwdmapData[\"mapTheme\" + '1'] = '';\t\t\t                        gmwdmapData[\"mapMarkers\" + '1'] = JSON.parse('{\"8\":{\"id\":\"8\",\"map_id\":\"1\",\"lat\":\"49.89418999999999\",\"lng\":\"21.05413299999998\",\"category\":\"0\",\"title\":\"galas.net.pl\",\"address\":\"Adama Mickiewicza 14, Tuch\\u00f3w, Polska\",\"animation\":\"NONE\",\"enable_info_window\":\"1\",\"info_window_open\":\"0\",\"marker_size\":\"32\",\"custom_marker_url\":\"\",\"choose_marker_icon\":\"1\",\"description\":\"\",\"link_url\":\"\",\"pic_url\":\"\",\"published\":\"1\"}}');                        gmwdmapData[\"mapPolygons\" + '1'] =  JSON.parse('[]');                        gmwdmapData[\"mapPolylines\" + '1'] = JSON.parse('[]');                                                gmwdmapData[\"enableCategoryFilter\" + '1'] = \"0\";                                                gmwdmapData[\"enableDirections\" + '1'] = \"0\";                        gmwdmapData[\"enableStoreLocatior\" + '1'] = \"0\";                        gmwdmapData[\"storeLocatorDistanceIn\" + '1'] = \"km\";                                                gmwdmapData[\"storeLocatorStrokeWidth\" + '1'] = Number(\"2\");                        gmwdmapData[\"storeLocatorFillColor\" + '1'] = \"#\" + \"7FDF16\";                        gmwdmapData[\"storeLocatorFillOpacity\" + '1'] = Number(\"0.3\");                        gmwdmapData[\"storeLocatorLineColor\" + '1'] = \"#\" + \"000\";                        gmwdmapData[\"storeLocatorLineOpacity\" + '1'] = Number(\"0.6\");                                                gmwdmapData[\"markerListingType\" + '1'] = \"0\";                        gmwdmapData[\"markerListInsideMap\" + '1'] = \"0\";                        gmwdmapData[\"markerListPosition\" + '1'] = Number(\"0\");                        gmwdmapData[\"infoWindowInfo\" + '1'] = \"title,address,desc,pic\";                        gmwdmapData[\"advancedInfoWindowPosition\" + '1'] = Number(\"10\");                        gmwdmapData[\"geolocateUser\" + '1'] = Number(\"0\");                        gmwdmapData[\"items\" + '1'] = \"3\";                                                gmwdmapData[\"enableSerchBox\" + '1'] = \"0\";                        gmwdmapData[\"serchBoxPosition\" + '1'] = Number(\"3\");                                                gmwdmapData[\"allMarkers\" + '1'] = [];                               gmwdmapData[\"allPolygons\" + '1'] = [];                        gmwdmapData[\"allPolygonMarkers\" + '1'] = [];                        gmwdmapData[\"allPolylines\" + '1'] = [];                        gmwdmapData[\"allPolylineMarkers\" + '1'] = [];                        gmwdmapData[\"infoWindows\" + '1'] = [];                        gmwdmapData[\"ajaxData\" + '1']  = {};                                                var ajaxURL = \"https:\/\/galas.net.pl\/wp-admin\/admin-ajax.php\";                        var markerDefaultIcon = \"\";                        var GMWD_URL = \"https:\/\/galas.net.pl\/wp-content\/plugins\/wd-google-maps\";                        jQuery( document ).ready(function() {\t\t\t\t\t                            gmwdInitMainMap(\"wd-map1\",false, '1');                            gmwdReadyFunction('1');                        });                    <\/script>                                        <div class=\"wd-clear\">                        <div id=\"wd-map1\" class=\"wd-row \" style=\" height:300px; width:100%\"><\/div>                    <\/div>                                                                <\/div>            <\/div>\t\t<\/div>\t\t\n<pre>Koordynaty\r\n49.894152, 21.053987<\/pre>\n","protected":false},"excerpt":{"rendered":"<p>Dane kontaktowe Piotr Galas &nbsp; ul. Mickiewicza 14, 33-170 Tuch\u00f3w wojew\u00f3dztwo ma\u0142opolskie www: http:\/\/www.galas.net.pl e-mail: sklep@galas.net.pl Telefon\/Fax : 14 652 [&hellip;]<\/p>\n","protected":false},"author":1,"featured_media":0,"parent":0,"menu_order":0,"comment_status":"closed","ping_status":"closed","template":"","meta":{"site-sidebar-layout":"default","site-content-layout":"","ast-site-content-layout":"","site-content-style":"default","site-sidebar-style":"default","ast-global-header-display":"","ast-banner-title-visibility":"","ast-main-header-display":"","ast-hfb-above-header-display":"","ast-hfb-below-header-display":"","ast-hfb-mobile-header-display":"","site-post-title":"","ast-breadcrumbs-content":"","ast-featured-img":"","footer-sml-layout":"","theme-transparent-header-meta":"","adv-header-id-meta":"","stick-header-meta":"","header-above-stick-meta":"","header-main-stick-meta":"","header-below-stick-meta":"","astra-migrate-meta-layouts":"default","ast-page-background-enabled":"default","ast-page-background-meta":{"desktop":{"background-color":"var(--ast-global-color-4)","background-image":"","background-repeat":"repeat","background-position":"center center","background-size":"auto","background-attachment":"scroll","background-type":"","background-media":"","overlay-type":"","overlay-color":"","overlay-opacity":"","overlay-gradient":""},"tablet":{"background-color":"","background-image":"","background-repeat":"repeat","background-position":"center center","background-size":"auto","background-attachment":"scroll","background-type":"","background-media":"","overlay-type":"","overlay-color":"","overlay-opacity":"","overlay-gradient":""},"mobile":{"background-color":"","background-image":"","background-repeat":"repeat","background-position":"center center","background-size":"auto","background-attachment":"scroll","background-type":"","background-media":"","overlay-type":"","overlay-color":"","overlay-opacity":"","overlay-gradient":""}},"ast-content-background-meta":{"desktop":{"background-color":"var(--ast-global-color-5)","background-image":"","background-repeat":"repeat","background-position":"center center","background-size":"auto","background-attachment":"scroll","background-type":"","background-media":"","overlay-type":"","overlay-color":"","overlay-opacity":"","overlay-gradient":""},"tablet":{"background-color":"var(--ast-global-color-5)","background-image":"","background-repeat":"repeat","background-position":"center center","background-size":"auto","background-attachment":"scroll","background-type":"","background-media":"","overlay-type":"","overlay-color":"","overlay-opacity":"","overlay-gradient":""},"mobile":{"background-color":"var(--ast-global-color-5)","background-image":"","background-repeat":"repeat","background-position":"center center","background-size":"auto","background-attachment":"scroll","background-type":"","background-media":"","overlay-type":"","overlay-color":"","overlay-opacity":"","overlay-gradient":""}},"jetpack_post_was_ever_published":false,"footnotes":"","_links_to":"","_links_to_target":""},"class_list":["post-17","page","type-page","status-publish","hentry"],"jetpack_sharing_enabled":true,"jetpack_shortlink":"https:\/\/wp.me\/P8kCkk-h","jetpack-related-posts":[],"_links":{"self":[{"href":"https:\/\/galas.net.pl\/index.php\/wp-json\/wp\/v2\/pages\/17","targetHints":{"allow":["GET"]}}],"collection":[{"href":"https:\/\/galas.net.pl\/index.php\/wp-json\/wp\/v2\/pages"}],"about":[{"href":"https:\/\/galas.net.pl\/index.php\/wp-json\/wp\/v2\/types\/page"}],"author":[{"embeddable":true,"href":"https:\/\/galas.net.pl\/index.php\/wp-json\/wp\/v2\/users\/1"}],"replies":[{"embeddable":true,"href":"https:\/\/galas.net.pl\/index.php\/wp-json\/wp\/v2\/comments?post=17"}],"version-history":[{"count":16,"href":"https:\/\/galas.net.pl\/index.php\/wp-json\/wp\/v2\/pages\/17\/revisions"}],"predecessor-version":[{"id":1076,"href":"https:\/\/galas.net.pl\/index.php\/wp-json\/wp\/v2\/pages\/17\/revisions\/1076"}],"wp:attachment":[{"href":"https:\/\/galas.net.pl\/index.php\/wp-json\/wp\/v2\/media?parent=17"}],"curies":[{"name":"wp","href":"https:\/\/api.w.org\/{rel}","templated":true}]}}