{"id":1108,"date":"2024-03-13T17:14:52","date_gmt":"2024-03-13T16:14:52","guid":{"rendered":"https:\/\/galas.net.pl\/?page_id=1108"},"modified":"2024-03-13T17:25:07","modified_gmt":"2024-03-13T16:25:07","slug":"jakosc","status":"publish","type":"page","link":"https:\/\/galas.net.pl\/index.php\/jakosc\/","title":{"rendered":"Wska\u017anik jako\u015bci us\u0142ug"},"content":{"rendered":"<p style=\"background: #FAFAFA; margin: 0cm 0cm 8.25pt 0cm;\"><strong><span style=\"font-size: 10.5pt; font-family: Dosis; color: #333333;\">Wska\u017aniki jako\u015bci us\u0142ugi dost\u0119pu do Internetu.<\/span><\/strong><span style=\"font-size: 10.5pt; font-family: Dosis; color: #333333;\"><br \/>\nDotycz\u0105 96% og\u00f3\u0142u Abonent\u00f3w, liczone jako \u015brednia miesi\u0119czna (za ostatnich 6 miesi\u0119cy).<\/span><\/p>\n<p style=\"background: #FAFAFA; margin: 0cm 0cm 8.25pt 0cm;\"><span style=\"font-size: 10.5pt; font-family: Dosis; color: #333333;\">\u015aredni czas oczekiwania na pod\u0142\u0105czenie i aktywacj\u0119:\u00a0<strong><span style=\"font-family: Dosis;\">48 godzin roboczych<\/span><\/strong><br \/>\nRoczna dost\u0119pno\u015b\u0107 \u0142\u0105cza internetowego (SLA):\u00a0<strong><span style=\"font-family: Dosis;\">99,8 %<\/span><\/strong><br \/>\n\u015aredni czas reakcji na zg\u0142oszenie awarii:\u00a0<strong><span style=\"font-family: Dosis;\">15 minut<\/span><\/strong><br \/>\n\u015aredni czas oczekiwania na usuni\u0119cie awarii:\u00a0<strong><span style=\"font-family: Dosis;\">4 godziny<\/span><\/strong><br \/>\n\u015arednia, miesi\u0119czna ilo\u015b\u0107 zg\u0142osze\u0144 serwisowych:\u00a0<strong><span style=\"font-family: Dosis;\">12<\/span><\/strong><br \/>\nPoziom reklamacji us\u0142ug:\u00a0<strong><span style=\"font-family: Dosis;\">0<\/span><\/strong><br \/>\nPoziom Reklamacji faktur:\u00a0<strong><span style=\"font-family: Dosis;\">0<\/span><\/strong><br \/>\n\u015arednia miesi\u0119czna liczba awarii po stronie operatora na 100 zako\u0144cze\u0144:\u00a0<strong><span style=\"font-family: Dosis;\">0,8<\/span><\/strong><br \/>\n\u015arednia miesi\u0119czna liczba awarii po stronie abonenta na 100 zako\u0144cze\u0144:\u00a0<strong><span style=\"font-family: Dosis;\">4,3<\/span><\/strong><\/span><\/p>\n<p style=\"background: #FAFAFA; margin: 0cm 0cm 8.25pt 0cm;\"><span style=\"font-size: 10.5pt; font-family: Dosis; color: #333333;\">Wska\u017anik poprawno\u015bci faktur 99 %<\/span><\/p>\n","protected":false},"excerpt":{"rendered":"<p>Wska\u017aniki jako\u015bci us\u0142ugi dost\u0119pu do Internetu. Dotycz\u0105 96% og\u00f3\u0142u Abonent\u00f3w, liczone jako \u015brednia miesi\u0119czna (za ostatnich 6 miesi\u0119cy). \u015aredni czas [&hellip;]<\/p>\n","protected":false},"author":3,"featured_media":0,"parent":0,"menu_order":0,"comment_status":"closed","ping_status":"closed","template":"","meta":{"site-sidebar-layout":"default","site-content-layout":"","ast-site-content-layout":"","site-content-style":"default","site-sidebar-style":"default","ast-global-header-display":"","ast-banner-title-visibility":"","ast-main-header-display":"","ast-hfb-above-header-display":"","ast-hfb-below-header-display":"","ast-hfb-mobile-header-display":"","site-post-title":"","ast-breadcrumbs-content":"","ast-featured-img":"","footer-sml-layout":"","theme-transparent-header-meta":"","adv-header-id-meta":"","stick-header-meta":"","header-above-stick-meta":"","header-main-stick-meta":"","header-below-stick-meta":"","astra-migrate-meta-layouts":"default","ast-page-background-enabled":"default","ast-page-background-meta":{"desktop":{"background-color":"var(--ast-global-color-4)","background-image":"","background-repeat":"repeat","background-position":"center center","background-size":"auto","background-attachment":"scroll","background-type":"","background-media":"","overlay-type":"","overlay-color":"","overlay-opacity":"","overlay-gradient":""},"tablet":{"background-color":"","background-image":"","background-repeat":"repeat","background-position":"center center","background-size":"auto","background-attachment":"scroll","background-type":"","background-media":"","overlay-type":"","overlay-color":"","overlay-opacity":"","overlay-gradient":""},"mobile":{"background-color":"","background-image":"","background-repeat":"repeat","background-position":"center center","background-size":"auto","background-attachment":"scroll","background-type":"","background-media":"","overlay-type":"","overlay-color":"","overlay-opacity":"","overlay-gradient":""}},"ast-content-background-meta":{"desktop":{"background-color":"var(--ast-global-color-5)","background-image":"","background-repeat":"repeat","background-position":"center center","background-size":"auto","background-attachment":"scroll","background-type":"","background-media":"","overlay-type":"","overlay-color":"","overlay-opacity":"","overlay-gradient":""},"tablet":{"background-color":"var(--ast-global-color-5)","background-image":"","background-repeat":"repeat","background-position":"center center","background-size":"auto","background-attachment":"scroll","background-type":"","background-media":"","overlay-type":"","overlay-color":"","overlay-opacity":"","overlay-gradient":""},"mobile":{"background-color":"var(--ast-global-color-5)","background-image":"","background-repeat":"repeat","background-position":"center center","background-size":"auto","background-attachment":"scroll","background-type":"","background-media":"","overlay-type":"","overlay-color":"","overlay-opacity":"","overlay-gradient":""}},"jetpack_post_was_ever_published":false,"footnotes":"","_links_to":"","_links_to_target":""},"class_list":["post-1108","page","type-page","status-publish","hentry"],"jetpack_sharing_enabled":true,"jetpack_shortlink":"https:\/\/wp.me\/P8kCkk-hS","jetpack-related-posts":[],"_links":{"self":[{"href":"https:\/\/galas.net.pl\/index.php\/wp-json\/wp\/v2\/pages\/1108","targetHints":{"allow":["GET"]}}],"collection":[{"href":"https:\/\/galas.net.pl\/index.php\/wp-json\/wp\/v2\/pages"}],"about":[{"href":"https:\/\/galas.net.pl\/index.php\/wp-json\/wp\/v2\/types\/page"}],"author":[{"embeddable":true,"href":"https:\/\/galas.net.pl\/index.php\/wp-json\/wp\/v2\/users\/3"}],"replies":[{"embeddable":true,"href":"https:\/\/galas.net.pl\/index.php\/wp-json\/wp\/v2\/comments?post=1108"}],"version-history":[{"count":6,"href":"https:\/\/galas.net.pl\/index.php\/wp-json\/wp\/v2\/pages\/1108\/revisions"}],"predecessor-version":[{"id":1116,"href":"https:\/\/galas.net.pl\/index.php\/wp-json\/wp\/v2\/pages\/1108\/revisions\/1116"}],"wp:attachment":[{"href":"https:\/\/galas.net.pl\/index.php\/wp-json\/wp\/v2\/media?parent=1108"}],"curies":[{"name":"wp","href":"https:\/\/api.w.org\/{rel}","templated":true}]}}