{"id":10,"date":"2016-04-24T23:22:27","date_gmt":"2016-04-24T21:22:27","guid":{"rendered":"http:\/\/nowa.galas.net.pl\/?page_id=10"},"modified":"2016-06-27T19:47:01","modified_gmt":"2016-06-27T17:47:01","slug":"sklep-i-serwis","status":"publish","type":"page","link":"https:\/\/galas.net.pl\/index.php\/sklep-i-serwis\/","title":{"rendered":"Sklep i serwis"},"content":{"rendered":"<h3 align=\"justify\">Sklep<\/h3>\n<hr size=\"2\" width=\"100%\" \/>\n<p align=\"justify\">W naszej ofercie znajdziecie:<\/p>\n<ul>\n<li>Komputery i podzespo\u0142y komputerowe<\/li>\n<li>Drukarki i materia\u0142y eksploatacyjne do drukarek<\/li>\n<li>Aparaty i kamery cyfrowe<\/li>\n<li>Telefony kom\u00f3rkowe, karty telefoniczne i zestawy startowe<\/li>\n<li>No\u015bniki CD-R, CD-RW, DVD-R, DVD-RW<\/li>\n<li>G\u0142o\u015bniki, s\u0142uchawki, mikrofony<\/li>\n<li>Elementy sieci komputerowej &#8211; kable, karty sieciowe<\/li>\n<li>Elementy do sieci bezprzewodowych &#8211; access pointy, karty sieciowe, kable, anteny<\/li>\n<li>Tunery do odbioru naziemnej telewizji cyfrowej<\/li>\n<\/ul>\n<p>&nbsp;<\/p>\n<p>&nbsp;<\/p>\n<p>&nbsp;<\/p>\n<h3 align=\"justify\">\u00a0Serwis<\/h3>\n<div align=\"justify\">\n<hr size=\"2\" width=\"100%\" \/>\n<p>Zajmujemy si\u0119 serwisem sprz\u0119tu komputerowego, rozbudow\u0105 i modernizacj\u0105 zestaw\u00f3w komputerowych. Oferujemy sprz\u0119t zast\u0119pczy na czas naprawy. Istnieje mo\u017cliwo\u015b\u0107 sprowadzenia cz\u0119\u015bci na indywidualne zam\u00f3wienie klienta z dostaw\u0105 na miejsce. Wykonujemy prace instalatorskie w zakresie sieci komputerowych przewodowych i\u00a0bezprzewodowych, sygna\u0142u telewizyjnego itp.<\/p>\n<\/div>\n<p>&nbsp;<\/p>\n","protected":false},"excerpt":{"rendered":"<p>Sklep W naszej ofercie znajdziecie: Komputery i podzespo\u0142y komputerowe Drukarki i materia\u0142y eksploatacyjne do drukarek Aparaty i kamery cyfrowe Telefony [&hellip;]<\/p>\n","protected":false},"author":1,"featured_media":0,"parent":0,"menu_order":0,"comment_status":"closed","ping_status":"closed","template":"","meta":{"site-sidebar-layout":"default","site-content-layout":"","ast-site-content-layout":"","site-content-style":"default","site-sidebar-style":"default","ast-global-header-display":"","ast-banner-title-visibility":"","ast-main-header-display":"","ast-hfb-above-header-display":"","ast-hfb-below-header-display":"","ast-hfb-mobile-header-display":"","site-post-title":"","ast-breadcrumbs-content":"","ast-featured-img":"","footer-sml-layout":"","theme-transparent-header-meta":"","adv-header-id-meta":"","stick-header-meta":"","header-above-stick-meta":"","header-main-stick-meta":"","header-below-stick-meta":"","astra-migrate-meta-layouts":"default","ast-page-background-enabled":"default","ast-page-background-meta":{"desktop":{"background-color":"var(--ast-global-color-4)","background-image":"","background-repeat":"repeat","background-position":"center center","background-size":"auto","background-attachment":"scroll","background-type":"","background-media":"","overlay-type":"","overlay-color":"","overlay-opacity":"","overlay-gradient":""},"tablet":{"background-color":"","background-image":"","background-repeat":"repeat","background-position":"center center","background-size":"auto","background-attachment":"scroll","background-type":"","background-media":"","overlay-type":"","overlay-color":"","overlay-opacity":"","overlay-gradient":""},"mobile":{"background-color":"","background-image":"","background-repeat":"repeat","background-position":"center center","background-size":"auto","background-attachment":"scroll","background-type":"","background-media":"","overlay-type":"","overlay-color":"","overlay-opacity":"","overlay-gradient":""}},"ast-content-background-meta":{"desktop":{"background-color":"var(--ast-global-color-5)","background-image":"","background-repeat":"repeat","background-position":"center center","background-size":"auto","background-attachment":"scroll","background-type":"","background-media":"","overlay-type":"","overlay-color":"","overlay-opacity":"","overlay-gradient":""},"tablet":{"background-color":"var(--ast-global-color-5)","background-image":"","background-repeat":"repeat","background-position":"center center","background-size":"auto","background-attachment":"scroll","background-type":"","background-media":"","overlay-type":"","overlay-color":"","overlay-opacity":"","overlay-gradient":""},"mobile":{"background-color":"var(--ast-global-color-5)","background-image":"","background-repeat":"repeat","background-position":"center center","background-size":"auto","background-attachment":"scroll","background-type":"","background-media":"","overlay-type":"","overlay-color":"","overlay-opacity":"","overlay-gradient":""}},"jetpack_post_was_ever_published":false,"footnotes":"","_links_to":"","_links_to_target":""},"class_list":["post-10","page","type-page","status-publish","hentry"],"jetpack_sharing_enabled":true,"jetpack_shortlink":"https:\/\/wp.me\/P8kCkk-a","jetpack-related-posts":[],"_links":{"self":[{"href":"https:\/\/galas.net.pl\/index.php\/wp-json\/wp\/v2\/pages\/10","targetHints":{"allow":["GET"]}}],"collection":[{"href":"https:\/\/galas.net.pl\/index.php\/wp-json\/wp\/v2\/pages"}],"about":[{"href":"https:\/\/galas.net.pl\/index.php\/wp-json\/wp\/v2\/types\/page"}],"author":[{"embeddable":true,"href":"https:\/\/galas.net.pl\/index.php\/wp-json\/wp\/v2\/users\/1"}],"replies":[{"embeddable":true,"href":"https:\/\/galas.net.pl\/index.php\/wp-json\/wp\/v2\/comments?post=10"}],"version-history":[{"count":2,"href":"https:\/\/galas.net.pl\/index.php\/wp-json\/wp\/v2\/pages\/10\/revisions"}],"predecessor-version":[{"id":108,"href":"https:\/\/galas.net.pl\/index.php\/wp-json\/wp\/v2\/pages\/10\/revisions\/108"}],"wp:attachment":[{"href":"https:\/\/galas.net.pl\/index.php\/wp-json\/wp\/v2\/media?parent=10"}],"curies":[{"name":"wp","href":"https:\/\/api.w.org\/{rel}","templated":true}]}}